{"id":1331,"date":"2018-10-05T18:37:56","date_gmt":"2018-10-05T16:37:56","guid":{"rendered":"http:\/\/www.mumelter.de\/grund-saetze\/"},"modified":"2025-02-17T20:46:42","modified_gmt":"2025-02-17T19:46:42","slug":"fundamental-phrases","status":"publish","type":"page","link":"https:\/\/www.mumelter.de\/en\/fundamental-phrases\/","title":{"rendered":"Fundamental phrases"},"content":{"rendered":"<p><div class=\"fusion-fullwidth fullwidth-box fusion-builder-row-1 nonhundred-percent-fullwidth non-hundred-percent-height-scrolling\" style=\"--awb-border-radius-top-left:0px;--awb-border-radius-top-right:0px;--awb-border-radius-bottom-right:0px;--awb-border-radius-bottom-left:0px;--awb-flex-wrap:wrap;\" ><div class=\"fusion-builder-row fusion-row\"><div class=\"fusion-layout-column fusion_builder_column fusion-builder-column-0 fusion_builder_column_1_1 1_1 fusion-one-full fusion-column-first fusion-column-last\" style=\"--awb-bg-size:cover;--awb-margin-bottom:0px;\"><div class=\"fusion-column-wrapper fusion-flex-column-wrapper-legacy\"><div class=\"fusion-title title fusion-title-1 fusion-title-text fusion-title-size-one\" style=\"--awb-margin-top-small:0px;--awb-margin-right-small:0px;--awb-margin-bottom-small:20px;--awb-margin-left-small:0px;\"><h1 class=\"fusion-title-heading title-heading-left\" style=\"margin:0;\">Endlichkeit und Grenzenlosigkeit<\/h1><span class=\"awb-title-spacer\"><\/span><div class=\"title-sep-container\"><div class=\"title-sep sep-double sep-solid\" style=\"border-color:#e0dede;\"><\/div><\/div><\/div><div class=\"fusion-clearfix\"><\/div><\/div><\/div><\/div><\/div><div class=\"fusion-fullwidth fullwidth-box fusion-builder-row-2 nonhundred-percent-fullwidth non-hundred-percent-height-scrolling\" style=\"--awb-border-radius-top-left:0px;--awb-border-radius-top-right:0px;--awb-border-radius-bottom-right:0px;--awb-border-radius-bottom-left:0px;--awb-flex-wrap:wrap;\" ><div class=\"fusion-builder-row fusion-row\"><div class=\"fusion-layout-column fusion_builder_column fusion-builder-column-1 fusion_builder_column_1_6 1_6 fusion-one-sixth fusion-column-first\" style=\"--awb-bg-size:cover;--awb-margin-bottom:0px;width:13.3333%; margin-right: 4%;\"><div class=\"fusion-column-wrapper fusion-flex-column-wrapper-legacy\"><div class=\"fusion-clearfix\"><\/div><\/div><\/div><div class=\"fusion-layout-column fusion_builder_column fusion-builder-column-2 fusion_builder_column_2_3 2_3 fusion-two-third\" style=\"--awb-bg-size:cover;--awb-margin-bottom:0px;width:65.3333%; margin-right: 4%;\"><div class=\"fusion-column-wrapper fusion-flex-column-wrapper-legacy\"><div class=\"fusion-text fusion-text-1\"><p style=\"text-align: left;\">Das erste Violinkonzert des 20. Jahrhunderts, das ich gespielt habe, ist jenes von Alban Berg. Gerade achtzehn war ich bei meiner pers\u00f6nlichen Premiere, und wenig \u00fcber 30 Jahre war das Werk damals alt. Es ist ein Requiem \u2013 f\u00fcr ein junges M\u00e4dchen \u2013 und endet mit einer gro\u00dfen Phantasie \u00fcber Bachs Choral <em>\u201eEs ist genug\u201c<\/em> mit den Worten: <em>\u201eIch fahre sicher hin mit Frieden, mein gro\u00dfer Jammer bleibt danieden.\u201c<\/em><br \/>\nParadox? Keineswegs. Sp\u00e4testens ab der Pubert\u00e4t setzt sich wohl jeder junge Mensch mit den Grenzen des irdischen Lebens auseinander.<br \/>\nEbenso organisch finde ich, Jahrzehnte sp\u00e4ter diesen Faden wieder aufzugreifen, jetzt unter dem Motto, das Bach zuweilen \u00fcber seine Kontrapunkte setzte: <em>\u201eal riverso\u201c<\/em> \u2013 umgekehrt: <a title=\"Adriana H\u00f6lszky\" href=\"https:\/\/de.wikipedia.org\/wiki\/Adriana_H%C3%B6lszky\">Adriana H\u00f6lszky<\/a> hat mir ihr grandioses Violinkonzert gewidmet, das den Titel <em>\u201eApeiron\u201c<\/em> tr\u00e4gt: <em>Das Unbegrenzte<\/em>. Es wurde zu ihrem 65. Geburtstag in Stuttgart uraufgef\u00fchrt und macht profund erfahrbar, was der Titel andeutet. Begrenzt wird die Zahl m\u00f6glicher Jahre, Tage und Konzerte immer deutlicher. Aber sie verdichten auch ihre Intensit\u00e4t und lassen erleben, worauf <a title=\"Erwin Schr\u00f6dinger\" href=\"https:\/\/de.wikipedia.org\/wiki\/Erwin_Schr%C3%B6dinger\">Erwin Schr\u00f6dinger<\/a> hinweist: Dass Zeit nur eine der M\u00f6glichkeiten sei, die Erscheinungswelt zu ordnen. Den Gedanken, &#8220;<em>den Zeittyrannen zu entthronen,<\/em> <em>mit ihm zu spielen, und sei es auch nur ein klein wenig&#8221;,<\/em> nannte der gro\u00dfe Physiker &#8220;<em>eine gro\u00dfe Erleichterung, einen religi\u00f6sen Gedanken, ja den religi\u00f6sen Gedanken schlechthin.&#8221;<br \/>\n<\/em>\u201e<em>O Ewigkeit, du Donnerwort<\/em>\u201c hei\u00dft die Kantate, aus der Bachs Choral stammt. Musik l\u00e4sst das Donnerwort als Urknall erfahren, und die Vielfalt des Seins als das Unbegrenzte.<\/p>\n<\/div><div class=\"fusion-sep-clear\"><\/div><div class=\"fusion-separator fusion-full-width-sep\" style=\"margin-left: auto;margin-right: auto;margin-top:25px;margin-bottom:25px;width:100%;\"><\/div><div class=\"fusion-sep-clear\"><\/div><div class=\"fusion-content-boxes content-boxes columns row fusion-columns-2 fusion-columns-total-1 fusion-content-boxes-1 content-boxes-icon-with-title content-left\" style=\"--awb-backgroundcolor:#5b5b5b;--awb-body-color:#d8d8d8;--awb-title-color:#afafaf;--awb-hover-accent-color:#a0ce4e;--awb-circle-hover-accent-color:#a0ce4e;\" data-animationOffset=\"top-into-view\"><div style=\"--awb-backgroundcolor:#5b5b5b;\" class=\"fusion-column content-box-column content-box-column content-box-column-1 col-lg-6 col-md-6 col-sm-6 fusion-content-box-hover content-box-column-first-in-row content-box-column-last\"><div class=\"col content-box-wrapper content-wrapper-background link-area-link-icon icon-hover-animation-fade\" data-animationOffset=\"top-into-view\"><div class=\"heading icon-left\"><h2 class=\"content-box-heading\" style=\"--h2_typography-font-size:18px;line-height:23px;\">Adriana H\u00f6lszkys Text zum Violinkonzert:<\/h2><\/div><div class=\"fusion-clearfix\"><\/div><div class=\"content-container\">\n<p>Das Apeiron, \u00bbdas Unbegrenzte\u00ab, das alles umfasst, findet sich als ein zentraler Gedanke bei dem Vorsokratiker Anaximandor von Milet (geb. 611\/610 v. Chr.) wieder. \u00bbAnaximandor soll behauptet haben, dass das Apeiron die umfassende Ursache f\u00fcr Werden und Vergehen des Alls in sich trage, aus dem ihm zufolge die Himmel und die unz\u00e4hligen Welten in ihre Gesamtheit abgesondert werden. Seiner Ansicht nach basiert dieses Vergehen und, viel fr\u00fcher, das Werden auf einer unbegrenzten Ewigkeit, da sich alle diese [Ereignisse] in einem Kreislauf befinden.\u00ab<\/p>\n<p>(Die Vorsokratiker, S. 26-27, Anaconda Verlag, K\u00f6ln 2007)<\/p>\n<p>Das Violinkonzert \u00bbApeiron\u00ab entstand im Auftrag des Stuttgarter Kammerorchesters und ist dem Solisten Martin Mumelter gewidmet. Der strukturierte Streicherklang ist unbegrenzt in seiner F\u00fclle und Erscheinungsform. Er bewegt sich wie ein Fluidum, scheint unendlich in seiner Modellierbarkeit, in seiner Leuchtkraft und Mobilit\u00e4t.<\/p>\n<p>Die solistische Behandlung des Streichorchesters erm\u00f6glicht flexible, unerwartete Kombinations- und Gruppierungsm\u00f6glichkeiten. Die relative Selbst\u00e4ndigkeit der Relation Violine Solo und Orchester findet sich sowohl im Mikrobereich als auf der Makroebene. Subkutane Verkn\u00fcpfungen und Spiegelungen, Gleichzeitigkeit der Gegens\u00e4tze, permanenter Perspektivwechsel tragen zum holographischen Charakter des Klanges bei, zur Klangerneuerung. Es resultiert ein pulsierendes Universum von diskontinuierlichen Zeitfeldern im st\u00e4ndigen Werden und Vergehen.<\/p>\n<\/div><\/div><\/div><div class=\"fusion-clearfix\"><\/div><\/div><div class=\"fusion-clearfix\"><\/div><\/div><\/div><\/div><\/div><\/p>\n","protected":false},"excerpt":{"rendered":"","protected":false},"author":2,"featured_media":0,"parent":0,"menu_order":72,"comment_status":"closed","ping_status":"closed","template":"","meta":{"footnotes":""},"class_list":["post-1331","page","type-page","status-publish","hentry"],"yoast_head":"<!-- This site is optimized with the Yoast SEO plugin v27.2 - https:\/\/yoast.com\/product\/yoast-seo-wordpress\/ -->\n<title>Endlichkeit und Grenzenlosigkeit: Martin Mumelter<\/title>\n<meta name=\"description\" content=\"Die Erfahrungen mit Improvisationen der verschiedensten Stilrichtungen haben die Interpretationen Mumelters nachhatig gepr\u00e4gt\" \/>\n<meta name=\"robots\" content=\"index, follow, max-snippet:-1, max-image-preview:large, max-video-preview:-1\" \/>\n<link rel=\"canonical\" href=\"https:\/\/www.mumelter.de\/en\/fundamental-phrases\/\" \/>\n<meta property=\"og:locale\" content=\"en_US\" \/>\n<meta property=\"og:type\" content=\"article\" \/>\n<meta property=\"og:title\" content=\"Endlichkeit und Grenzenlosigkeit: Martin Mumelter\" \/>\n<meta property=\"og:description\" content=\"Die Erfahrungen mit Improvisationen der verschiedensten Stilrichtungen haben die Interpretationen Mumelters nachhatig gepr\u00e4gt\" \/>\n<meta property=\"og:url\" content=\"https:\/\/www.mumelter.de\/en\/fundamental-phrases\/\" \/>\n<meta property=\"og:site_name\" content=\"Martin Mumelter, Geiger und Autor\" \/>\n<meta property=\"article:modified_time\" content=\"2025-02-17T19:46:42+00:00\" \/>\n<meta name=\"twitter:card\" content=\"summary_large_image\" \/>\n<meta name=\"twitter:label1\" content=\"Est. reading time\" \/>\n\t<meta name=\"twitter:data1\" content=\"5 minutes\" \/>\n<script type=\"application\/ld+json\" class=\"yoast-schema-graph\">{\"@context\":\"https:\/\/schema.org\",\"@graph\":[{\"@type\":\"WebPage\",\"@id\":\"https:\/\/www.mumelter.de\/en\/fundamental-phrases\/\",\"url\":\"https:\/\/www.mumelter.de\/en\/fundamental-phrases\/\",\"name\":\"Endlichkeit und Grenzenlosigkeit: Martin Mumelter\",\"isPartOf\":{\"@id\":\"https:\/\/www.mumelter.de\/en\/#website\"},\"datePublished\":\"2018-10-05T16:37:56+00:00\",\"dateModified\":\"2025-02-17T19:46:42+00:00\",\"description\":\"Die Erfahrungen mit Improvisationen der verschiedensten Stilrichtungen haben die Interpretationen Mumelters nachhatig gepr\u00e4gt\",\"breadcrumb\":{\"@id\":\"https:\/\/www.mumelter.de\/en\/fundamental-phrases\/#breadcrumb\"},\"inLanguage\":\"en-US\",\"potentialAction\":[{\"@type\":\"ReadAction\",\"target\":[\"https:\/\/www.mumelter.de\/en\/fundamental-phrases\/\"]}]},{\"@type\":\"BreadcrumbList\",\"@id\":\"https:\/\/www.mumelter.de\/en\/fundamental-phrases\/#breadcrumb\",\"itemListElement\":[{\"@type\":\"ListItem\",\"position\":1,\"name\":\"Startseite\",\"item\":\"https:\/\/www.mumelter.de\/en\/\"},{\"@type\":\"ListItem\",\"position\":2,\"name\":\"Fundamental phrases\"}]},{\"@type\":\"WebSite\",\"@id\":\"https:\/\/www.mumelter.de\/en\/#website\",\"url\":\"https:\/\/www.mumelter.de\/en\/\",\"name\":\"Martin Mumelter, Geiger und Autor\",\"description\":\"Geiger von Bachs Soli bis zu Urauff\u00fchrungen (H\u00f6lszky u.v.a.), Klassik d. Moderne (Sch\u00f6nberg-Violinkonzert), Autor musikphilosophischer \/ literarischer Werke\",\"publisher\":{\"@id\":\"https:\/\/www.mumelter.de\/en\/#\/schema\/person\/cfe72fd6208bd84a7597c51d2de1e546\"},\"potentialAction\":[{\"@type\":\"SearchAction\",\"target\":{\"@type\":\"EntryPoint\",\"urlTemplate\":\"https:\/\/www.mumelter.de\/en\/?s={search_term_string}\"},\"query-input\":{\"@type\":\"PropertyValueSpecification\",\"valueRequired\":true,\"valueName\":\"search_term_string\"}}],\"inLanguage\":\"en-US\"},{\"@type\":[\"Person\",\"Organization\"],\"@id\":\"https:\/\/www.mumelter.de\/en\/#\/schema\/person\/cfe72fd6208bd84a7597c51d2de1e546\",\"name\":\"MM\",\"image\":{\"@type\":\"ImageObject\",\"inLanguage\":\"en-US\",\"@id\":\"https:\/\/secure.gravatar.com\/avatar\/9de64a957bdf1828008db982a56dbefc9e5bea8f1c75247efbc18ff0149a68ef?s=96&d=mm&r=g\",\"url\":\"https:\/\/secure.gravatar.com\/avatar\/9de64a957bdf1828008db982a56dbefc9e5bea8f1c75247efbc18ff0149a68ef?s=96&d=mm&r=g\",\"contentUrl\":\"https:\/\/secure.gravatar.com\/avatar\/9de64a957bdf1828008db982a56dbefc9e5bea8f1c75247efbc18ff0149a68ef?s=96&d=mm&r=g\",\"caption\":\"MM\"},\"logo\":{\"@id\":\"https:\/\/secure.gravatar.com\/avatar\/9de64a957bdf1828008db982a56dbefc9e5bea8f1c75247efbc18ff0149a68ef?s=96&d=mm&r=g\"}}]}<\/script>\n<!-- \/ Yoast SEO plugin. -->","yoast_head_json":{"title":"Endlichkeit und Grenzenlosigkeit: Martin Mumelter","description":"Die Erfahrungen mit Improvisationen der verschiedensten Stilrichtungen haben die Interpretationen Mumelters nachhatig gepr\u00e4gt","robots":{"index":"index","follow":"follow","max-snippet":"max-snippet:-1","max-image-preview":"max-image-preview:large","max-video-preview":"max-video-preview:-1"},"canonical":"https:\/\/www.mumelter.de\/en\/fundamental-phrases\/","og_locale":"en_US","og_type":"article","og_title":"Endlichkeit und Grenzenlosigkeit: Martin Mumelter","og_description":"Die Erfahrungen mit Improvisationen der verschiedensten Stilrichtungen haben die Interpretationen Mumelters nachhatig gepr\u00e4gt","og_url":"https:\/\/www.mumelter.de\/en\/fundamental-phrases\/","og_site_name":"Martin Mumelter, Geiger und Autor","article_modified_time":"2025-02-17T19:46:42+00:00","twitter_card":"summary_large_image","twitter_misc":{"Est. reading time":"5 minutes"},"schema":{"@context":"https:\/\/schema.org","@graph":[{"@type":"WebPage","@id":"https:\/\/www.mumelter.de\/en\/fundamental-phrases\/","url":"https:\/\/www.mumelter.de\/en\/fundamental-phrases\/","name":"Endlichkeit und Grenzenlosigkeit: Martin Mumelter","isPartOf":{"@id":"https:\/\/www.mumelter.de\/en\/#website"},"datePublished":"2018-10-05T16:37:56+00:00","dateModified":"2025-02-17T19:46:42+00:00","description":"Die Erfahrungen mit Improvisationen der verschiedensten Stilrichtungen haben die Interpretationen Mumelters nachhatig gepr\u00e4gt","breadcrumb":{"@id":"https:\/\/www.mumelter.de\/en\/fundamental-phrases\/#breadcrumb"},"inLanguage":"en-US","potentialAction":[{"@type":"ReadAction","target":["https:\/\/www.mumelter.de\/en\/fundamental-phrases\/"]}]},{"@type":"BreadcrumbList","@id":"https:\/\/www.mumelter.de\/en\/fundamental-phrases\/#breadcrumb","itemListElement":[{"@type":"ListItem","position":1,"name":"Startseite","item":"https:\/\/www.mumelter.de\/en\/"},{"@type":"ListItem","position":2,"name":"Fundamental phrases"}]},{"@type":"WebSite","@id":"https:\/\/www.mumelter.de\/en\/#website","url":"https:\/\/www.mumelter.de\/en\/","name":"Martin Mumelter, Geiger und Autor","description":"Geiger von Bachs Soli bis zu Urauff\u00fchrungen (H\u00f6lszky u.v.a.), Klassik d. Moderne (Sch\u00f6nberg-Violinkonzert), Autor musikphilosophischer \/ literarischer Werke","publisher":{"@id":"https:\/\/www.mumelter.de\/en\/#\/schema\/person\/cfe72fd6208bd84a7597c51d2de1e546"},"potentialAction":[{"@type":"SearchAction","target":{"@type":"EntryPoint","urlTemplate":"https:\/\/www.mumelter.de\/en\/?s={search_term_string}"},"query-input":{"@type":"PropertyValueSpecification","valueRequired":true,"valueName":"search_term_string"}}],"inLanguage":"en-US"},{"@type":["Person","Organization"],"@id":"https:\/\/www.mumelter.de\/en\/#\/schema\/person\/cfe72fd6208bd84a7597c51d2de1e546","name":"MM","image":{"@type":"ImageObject","inLanguage":"en-US","@id":"https:\/\/secure.gravatar.com\/avatar\/9de64a957bdf1828008db982a56dbefc9e5bea8f1c75247efbc18ff0149a68ef?s=96&d=mm&r=g","url":"https:\/\/secure.gravatar.com\/avatar\/9de64a957bdf1828008db982a56dbefc9e5bea8f1c75247efbc18ff0149a68ef?s=96&d=mm&r=g","contentUrl":"https:\/\/secure.gravatar.com\/avatar\/9de64a957bdf1828008db982a56dbefc9e5bea8f1c75247efbc18ff0149a68ef?s=96&d=mm&r=g","caption":"MM"},"logo":{"@id":"https:\/\/secure.gravatar.com\/avatar\/9de64a957bdf1828008db982a56dbefc9e5bea8f1c75247efbc18ff0149a68ef?s=96&d=mm&r=g"}}]}},"_links":{"self":[{"href":"https:\/\/www.mumelter.de\/en\/wp-json\/wp\/v2\/pages\/1331","targetHints":{"allow":["GET"]}}],"collection":[{"href":"https:\/\/www.mumelter.de\/en\/wp-json\/wp\/v2\/pages"}],"about":[{"href":"https:\/\/www.mumelter.de\/en\/wp-json\/wp\/v2\/types\/page"}],"author":[{"embeddable":true,"href":"https:\/\/www.mumelter.de\/en\/wp-json\/wp\/v2\/users\/2"}],"replies":[{"embeddable":true,"href":"https:\/\/www.mumelter.de\/en\/wp-json\/wp\/v2\/comments?post=1331"}],"version-history":[{"count":3,"href":"https:\/\/www.mumelter.de\/en\/wp-json\/wp\/v2\/pages\/1331\/revisions"}],"predecessor-version":[{"id":1399,"href":"https:\/\/www.mumelter.de\/en\/wp-json\/wp\/v2\/pages\/1331\/revisions\/1399"}],"wp:attachment":[{"href":"https:\/\/www.mumelter.de\/en\/wp-json\/wp\/v2\/media?parent=1331"}],"curies":[{"name":"wp","href":"https:\/\/api.w.org\/{rel}","templated":true}]}}