{"id":1341,"date":"2017-06-07T07:32:40","date_gmt":"2017-06-07T05:32:40","guid":{"rendered":"http:\/\/www.mumelter.de\/datenschutzerklaerung\/"},"modified":"2025-02-17T20:46:42","modified_gmt":"2025-02-17T19:46:42","slug":"privacy-policy","status":"publish","type":"page","link":"https:\/\/www.mumelter.de\/en\/privacy-policy\/","title":{"rendered":"Privacy policy"},"content":{"rendered":"<p><div class=\"fusion-fullwidth fullwidth-box fusion-builder-row-1 nonhundred-percent-fullwidth non-hundred-percent-height-scrolling\" style=\"--awb-border-radius-top-left:0px;--awb-border-radius-top-right:0px;--awb-border-radius-bottom-right:0px;--awb-border-radius-bottom-left:0px;--awb-flex-wrap:wrap;\" ><div class=\"fusion-builder-row fusion-row\"><div class=\"fusion-layout-column fusion_builder_column fusion-builder-column-0 fusion_builder_column_1_1 1_1 fusion-one-full fusion-column-first fusion-column-last\" style=\"--awb-bg-size:cover;\"><div class=\"fusion-column-wrapper fusion-flex-column-wrapper-legacy\"><div class=\"fusion-title title fusion-title-1 fusion-title-text fusion-title-size-one\" style=\"--awb-margin-top-small:0px;--awb-margin-right-small:0px;--awb-margin-bottom-small:20px;--awb-margin-left-small:0px;\"><h1 class=\"fusion-title-heading title-heading-left\" style=\"margin:0;\">Privacy policy<\/h1><span class=\"awb-title-spacer\"><\/span><div class=\"title-sep-container\"><div class=\"title-sep sep-double sep-solid\" style=\"border-color:#e0dede;\"><\/div><\/div><\/div><div class=\"fusion-clearfix\"><\/div><\/div><\/div><\/div><\/div><div class=\"fusion-fullwidth fullwidth-box fusion-builder-row-2 nonhundred-percent-fullwidth non-hundred-percent-height-scrolling\" style=\"--awb-border-radius-top-left:0px;--awb-border-radius-top-right:0px;--awb-border-radius-bottom-right:0px;--awb-border-radius-bottom-left:0px;--awb-flex-wrap:wrap;\" ><div class=\"fusion-builder-row fusion-row\"><div class=\"fusion-layout-column fusion_builder_column fusion-builder-column-1 fusion_builder_column_1_6 1_6 fusion-one-sixth fusion-column-first\" style=\"--awb-bg-size:cover;width:16.666666666667%;width:calc(16.666666666667% - ( ( 4% ) * 0.16666666666667 ) );margin-right: 4%;\"><div class=\"fusion-column-wrapper fusion-flex-column-wrapper-legacy\"><div class=\"fusion-clearfix\"><\/div><\/div><\/div><div class=\"fusion-layout-column fusion_builder_column fusion-builder-column-2 fusion_builder_column_4_5 4_5 fusion-four-fifth fusion-column-last\" style=\"--awb-bg-size:cover;width:80%;width:calc(80% - ( ( 4% ) * 0.8 ) );\"><div class=\"fusion-column-wrapper fusion-flex-column-wrapper-legacy\"><div class=\"fusion-text fusion-text-1\"><h1>Datenschutz<\/h1>\n<p>Die Betreiber dieser Seiten nehmen den Schutz Ihrer pers\u00f6nlichen Daten sehr ernst. Wir behandeln Ihre<br \/>\npersonenbezogenen Daten vertraulich und entsprechend der gesetzlichen Datenschutzvorschriften sowie<br \/>\ndieser Datenschutzerkl\u00e4rung.<br \/>\nDie Nutzung unserer Webseite ist in der Regel ohne Angabe personenbezogener Daten m\u00f6glich. Soweit<br \/>\nauf unseren Seiten personenbezogene Daten (beispielsweise Name, Anschrift oder E-Mail-Adressen)<br \/>\nerhoben werden, erfolgt dies, soweit m\u00f6glich, stets auf freiwilliger Basis. Diese Daten werden ohne Ihre<br \/>\nausdr\u00fcckliche Zustimmung nicht an Dritte weitergegeben.<br \/>\nWir weisen darauf hin, dass die Daten\u00fcbertragung im Internet (z.B. bei der Kommunikation per E-Mail)<br \/>\nSicherheitsl\u00fccken aufweisen kann. Ein l\u00fcckenloser Schutz der Daten vor dem Zugriff durch Dritte ist nicht<br \/>\nm\u00f6glich.<\/p>\n<h1>Cookies<\/h1>\n<p>Die Internetseiten verwenden teilweise so genannte Cookies. Cookies richten auf Ihrem Rechner keinen<br \/>\nSchaden an und enthalten keine Viren. Cookies dienen dazu, unser Angebot nutzerfreundlicher, effektiver<br \/>\nund sicherer zu machen. Cookies sind kleine Textdateien, die auf Ihrem Rechner abgelegt werden und<br \/>\ndie Ihr Browser speichert.<br \/>\nDie meisten der von uns verwendeten Cookies sind so genannte \u201eSession-Cookies\u201c. Sie werden nach<br \/>\nEnde Ihres Besuchs automatisch gel\u00f6scht. Andere Cookies bleiben auf Ihrem Endger\u00e4t gespeichert, bis<br \/>\nSie diese l\u00f6schen. Diese Cookies erm\u00f6glichen es uns, Ihren Browser beim n\u00e4chsten Besuch<br \/>\nwiederzuerkennen.<br \/>\nSie k\u00f6nnen Ihren Browser so einstellen, dass Sie \u00fcber das Setzen von Cookies informiert werden und<br \/>\nCookies nur im Einzelfall erlauben, die Annahme von Cookies f\u00fcr bestimmte F\u00e4lle oder generell<br \/>\nausschlie\u00dfen sowie das automatische L\u00f6schen der Cookies beim Schlie\u00dfen des Browser aktivieren. Bei<br \/>\nder Deaktivierung von Cookies kann die Funktionalit\u00e4t dieser Website eingeschr\u00e4nkt sein.<\/p>\n<h1>Server-Log-Files<\/h1>\n<p>Der Provider der Seiten erhebt und speichert automatisch Informationen in so genannten Server-Log<br \/>\nFiles, die Ihr Browser automatisch an uns \u00fcbermittelt. Dies sind:<\/p>\n<ul>\n<li>Browsertyp und Browserversion<\/li>\n<li>verwendetes Betriebssystem<\/li>\n<li>Referrer URL<\/li>\n<li>Hostname des zugreifenden Rechners<\/li>\n<li>Uhrzeit der Serveranfrage<\/li>\n<\/ul>\n<p>Diese Daten sind nicht bestimmten Personen zuordenbar. Eine Zusammenf\u00fchrung dieser Daten mit<br \/>\nanderen Datenquellen wird nicht vorgenommen. Wir behalten uns vor, diese Daten nachtr\u00e4glich zu<br \/>\npr\u00fcfen, wenn uns konkrete Anhaltspunkte f\u00fcr eine rechtswidrige Nutzung bekannt werden.<\/p>\n<h1>Kontaktformular<\/h1>\n<p>Wenn Sie uns per Kontaktformular Anfragen zukommen lassen, werden Ihre Angaben aus dem<br \/>\nAnfrageformular inklusive der von Ihnen dort angegebenen Kontaktdaten zwecks Bearbeitung der<br \/>\nAnfrage und f\u00fcr den Fall von Anschlussfragen bei uns gespeichert. Diese Daten geben wir nicht ohne Ihre<br \/>\nEinwilligung weiter.<\/p>\n<h1>Auskunft, L\u00f6schung, Sperrung<\/h1>\n<p>Sie haben jederzeit das Recht auf unentgeltliche Auskunft \u00fcber Ihre gespeicherten personenbezogenen<br \/>\nDaten, deren Herkunft und Empf\u00e4nger und den Zweck der Datenverarbeitung sowie ein Recht auf<br \/>\nBerichtigung, Sperrung oder L\u00f6schung dieser Daten. Hierzu sowie zu weiteren Fragen zum Thema<br \/>\npersonenbezogene Daten k\u00f6nnen Sie sich jederzeit unter der im Impressum angegebenen Adresse an<br \/>\nuns wenden.<\/p>\n<h1>Widerspruch Werbe-Mails<\/h1>\n<p>Der Nutzung von im Rahmen der Impressumspflicht ver\u00f6ffentlichten Kontaktdaten zur \u00dcbersendung von<br \/>\nnicht ausdr\u00fccklich angeforderter Werbung und Informationsmaterialien wird hiermit widersprochen. Die<br \/>\nBetreiber der Seiten behalten sich ausdr\u00fccklich rechtliche Schritte im Falle der unverlangten Zusendung<br \/>\nvon Werbeinformationen, etwa durch Spam-E-Mails, vor.<\/p>\n<\/div><div class=\"fusion-clearfix\"><\/div><\/div><\/div><\/div><\/div><\/p>\n","protected":false},"excerpt":{"rendered":"","protected":false},"author":2,"featured_media":0,"parent":0,"menu_order":66,"comment_status":"closed","ping_status":"closed","template":"","meta":{"footnotes":""},"class_list":["post-1341","page","type-page","status-publish","hentry"],"yoast_head":"<!-- This site is optimized with the Yoast SEO plugin v27.2 - https:\/\/yoast.com\/product\/yoast-seo-wordpress\/ -->\n<title>&quot;Wovon man nur tr\u00e4umen konnte&quot; \u2013 Martin Mumelter, Geiger und Autor<\/title>\n<meta name=\"description\" content=\"Geiger von Bachs Soli bis zu Urauff\u00fchrungen (H\u00f6lszky u.v.a.), Klassik d. Moderne (Sch\u00f6nberg-Violinkonzert), Autor musikphilosophischer \/ literarischer Werke\" \/>\n<meta name=\"robots\" content=\"index, follow, max-snippet:-1, max-image-preview:large, max-video-preview:-1\" \/>\n<link rel=\"canonical\" href=\"https:\/\/www.mumelter.de\/en\/privacy-policy\/\" \/>\n<meta property=\"og:locale\" content=\"en_US\" \/>\n<meta property=\"og:type\" content=\"article\" \/>\n<meta property=\"og:title\" content=\"&quot;Wovon man nur tr\u00e4umen konnte&quot; \u2013 Martin Mumelter, Geiger und Autor\" \/>\n<meta property=\"og:description\" content=\"Geiger von Bachs Soli bis zu Urauff\u00fchrungen (H\u00f6lszky u.v.a.), Klassik d. Moderne (Sch\u00f6nberg-Violinkonzert), Autor musikphilosophischer \/ literarischer Werke\" \/>\n<meta property=\"og:url\" content=\"https:\/\/www.mumelter.de\/en\/privacy-policy\/\" \/>\n<meta property=\"og:site_name\" content=\"Martin Mumelter, Geiger und Autor\" \/>\n<meta property=\"article:modified_time\" content=\"2025-02-17T19:46:42+00:00\" \/>\n<meta name=\"twitter:card\" content=\"summary_large_image\" \/>\n<meta name=\"twitter:label1\" content=\"Est. reading time\" \/>\n\t<meta name=\"twitter:data1\" content=\"5 minutes\" \/>\n<script type=\"application\/ld+json\" class=\"yoast-schema-graph\">{\"@context\":\"https:\/\/schema.org\",\"@graph\":[{\"@type\":\"WebPage\",\"@id\":\"https:\/\/www.mumelter.de\/en\/privacy-policy\/\",\"url\":\"https:\/\/www.mumelter.de\/en\/privacy-policy\/\",\"name\":\"\\\"Wovon man nur tr\u00e4umen konnte\\\" \u2013 Martin Mumelter, Geiger und Autor\",\"isPartOf\":{\"@id\":\"https:\/\/www.mumelter.de\/en\/#website\"},\"datePublished\":\"2017-06-07T05:32:40+00:00\",\"dateModified\":\"2025-02-17T19:46:42+00:00\",\"description\":\"Geiger von Bachs Soli bis zu Urauff\u00fchrungen (H\u00f6lszky u.v.a.), Klassik d. Moderne (Sch\u00f6nberg-Violinkonzert), Autor musikphilosophischer \/ literarischer Werke\",\"breadcrumb\":{\"@id\":\"https:\/\/www.mumelter.de\/en\/privacy-policy\/#breadcrumb\"},\"inLanguage\":\"en-US\",\"potentialAction\":[{\"@type\":\"ReadAction\",\"target\":[\"https:\/\/www.mumelter.de\/en\/privacy-policy\/\"]}]},{\"@type\":\"BreadcrumbList\",\"@id\":\"https:\/\/www.mumelter.de\/en\/privacy-policy\/#breadcrumb\",\"itemListElement\":[{\"@type\":\"ListItem\",\"position\":1,\"name\":\"Startseite\",\"item\":\"https:\/\/www.mumelter.de\/en\/\"},{\"@type\":\"ListItem\",\"position\":2,\"name\":\"Privacy policy\"}]},{\"@type\":\"WebSite\",\"@id\":\"https:\/\/www.mumelter.de\/en\/#website\",\"url\":\"https:\/\/www.mumelter.de\/en\/\",\"name\":\"Martin Mumelter, Geiger und Autor\",\"description\":\"Geiger von Bachs Soli bis zu Urauff\u00fchrungen (H\u00f6lszky u.v.a.), Klassik d. Moderne (Sch\u00f6nberg-Violinkonzert), Autor musikphilosophischer \/ literarischer Werke\",\"publisher\":{\"@id\":\"https:\/\/www.mumelter.de\/en\/#\/schema\/person\/cfe72fd6208bd84a7597c51d2de1e546\"},\"potentialAction\":[{\"@type\":\"SearchAction\",\"target\":{\"@type\":\"EntryPoint\",\"urlTemplate\":\"https:\/\/www.mumelter.de\/en\/?s={search_term_string}\"},\"query-input\":{\"@type\":\"PropertyValueSpecification\",\"valueRequired\":true,\"valueName\":\"search_term_string\"}}],\"inLanguage\":\"en-US\"},{\"@type\":[\"Person\",\"Organization\"],\"@id\":\"https:\/\/www.mumelter.de\/en\/#\/schema\/person\/cfe72fd6208bd84a7597c51d2de1e546\",\"name\":\"MM\",\"image\":{\"@type\":\"ImageObject\",\"inLanguage\":\"en-US\",\"@id\":\"https:\/\/secure.gravatar.com\/avatar\/9de64a957bdf1828008db982a56dbefc9e5bea8f1c75247efbc18ff0149a68ef?s=96&d=mm&r=g\",\"url\":\"https:\/\/secure.gravatar.com\/avatar\/9de64a957bdf1828008db982a56dbefc9e5bea8f1c75247efbc18ff0149a68ef?s=96&d=mm&r=g\",\"contentUrl\":\"https:\/\/secure.gravatar.com\/avatar\/9de64a957bdf1828008db982a56dbefc9e5bea8f1c75247efbc18ff0149a68ef?s=96&d=mm&r=g\",\"caption\":\"MM\"},\"logo\":{\"@id\":\"https:\/\/secure.gravatar.com\/avatar\/9de64a957bdf1828008db982a56dbefc9e5bea8f1c75247efbc18ff0149a68ef?s=96&d=mm&r=g\"}}]}<\/script>\n<!-- \/ Yoast SEO plugin. -->","yoast_head_json":{"title":"\"Wovon man nur tr\u00e4umen konnte\" \u2013 Martin Mumelter, Geiger und Autor","description":"Geiger von Bachs Soli bis zu Urauff\u00fchrungen (H\u00f6lszky u.v.a.), Klassik d. Moderne (Sch\u00f6nberg-Violinkonzert), Autor musikphilosophischer \/ literarischer Werke","robots":{"index":"index","follow":"follow","max-snippet":"max-snippet:-1","max-image-preview":"max-image-preview:large","max-video-preview":"max-video-preview:-1"},"canonical":"https:\/\/www.mumelter.de\/en\/privacy-policy\/","og_locale":"en_US","og_type":"article","og_title":"\"Wovon man nur tr\u00e4umen konnte\" \u2013 Martin Mumelter, Geiger und Autor","og_description":"Geiger von Bachs Soli bis zu Urauff\u00fchrungen (H\u00f6lszky u.v.a.), Klassik d. Moderne (Sch\u00f6nberg-Violinkonzert), Autor musikphilosophischer \/ literarischer Werke","og_url":"https:\/\/www.mumelter.de\/en\/privacy-policy\/","og_site_name":"Martin Mumelter, Geiger und Autor","article_modified_time":"2025-02-17T19:46:42+00:00","twitter_card":"summary_large_image","twitter_misc":{"Est. reading time":"5 minutes"},"schema":{"@context":"https:\/\/schema.org","@graph":[{"@type":"WebPage","@id":"https:\/\/www.mumelter.de\/en\/privacy-policy\/","url":"https:\/\/www.mumelter.de\/en\/privacy-policy\/","name":"\"Wovon man nur tr\u00e4umen konnte\" \u2013 Martin Mumelter, Geiger und Autor","isPartOf":{"@id":"https:\/\/www.mumelter.de\/en\/#website"},"datePublished":"2017-06-07T05:32:40+00:00","dateModified":"2025-02-17T19:46:42+00:00","description":"Geiger von Bachs Soli bis zu Urauff\u00fchrungen (H\u00f6lszky u.v.a.), Klassik d. Moderne (Sch\u00f6nberg-Violinkonzert), Autor musikphilosophischer \/ literarischer Werke","breadcrumb":{"@id":"https:\/\/www.mumelter.de\/en\/privacy-policy\/#breadcrumb"},"inLanguage":"en-US","potentialAction":[{"@type":"ReadAction","target":["https:\/\/www.mumelter.de\/en\/privacy-policy\/"]}]},{"@type":"BreadcrumbList","@id":"https:\/\/www.mumelter.de\/en\/privacy-policy\/#breadcrumb","itemListElement":[{"@type":"ListItem","position":1,"name":"Startseite","item":"https:\/\/www.mumelter.de\/en\/"},{"@type":"ListItem","position":2,"name":"Privacy policy"}]},{"@type":"WebSite","@id":"https:\/\/www.mumelter.de\/en\/#website","url":"https:\/\/www.mumelter.de\/en\/","name":"Martin Mumelter, Geiger und Autor","description":"Geiger von Bachs Soli bis zu Urauff\u00fchrungen (H\u00f6lszky u.v.a.), Klassik d. Moderne (Sch\u00f6nberg-Violinkonzert), Autor musikphilosophischer \/ literarischer Werke","publisher":{"@id":"https:\/\/www.mumelter.de\/en\/#\/schema\/person\/cfe72fd6208bd84a7597c51d2de1e546"},"potentialAction":[{"@type":"SearchAction","target":{"@type":"EntryPoint","urlTemplate":"https:\/\/www.mumelter.de\/en\/?s={search_term_string}"},"query-input":{"@type":"PropertyValueSpecification","valueRequired":true,"valueName":"search_term_string"}}],"inLanguage":"en-US"},{"@type":["Person","Organization"],"@id":"https:\/\/www.mumelter.de\/en\/#\/schema\/person\/cfe72fd6208bd84a7597c51d2de1e546","name":"MM","image":{"@type":"ImageObject","inLanguage":"en-US","@id":"https:\/\/secure.gravatar.com\/avatar\/9de64a957bdf1828008db982a56dbefc9e5bea8f1c75247efbc18ff0149a68ef?s=96&d=mm&r=g","url":"https:\/\/secure.gravatar.com\/avatar\/9de64a957bdf1828008db982a56dbefc9e5bea8f1c75247efbc18ff0149a68ef?s=96&d=mm&r=g","contentUrl":"https:\/\/secure.gravatar.com\/avatar\/9de64a957bdf1828008db982a56dbefc9e5bea8f1c75247efbc18ff0149a68ef?s=96&d=mm&r=g","caption":"MM"},"logo":{"@id":"https:\/\/secure.gravatar.com\/avatar\/9de64a957bdf1828008db982a56dbefc9e5bea8f1c75247efbc18ff0149a68ef?s=96&d=mm&r=g"}}]}},"_links":{"self":[{"href":"https:\/\/www.mumelter.de\/en\/wp-json\/wp\/v2\/pages\/1341","targetHints":{"allow":["GET"]}}],"collection":[{"href":"https:\/\/www.mumelter.de\/en\/wp-json\/wp\/v2\/pages"}],"about":[{"href":"https:\/\/www.mumelter.de\/en\/wp-json\/wp\/v2\/types\/page"}],"author":[{"embeddable":true,"href":"https:\/\/www.mumelter.de\/en\/wp-json\/wp\/v2\/users\/2"}],"replies":[{"embeddable":true,"href":"https:\/\/www.mumelter.de\/en\/wp-json\/wp\/v2\/comments?post=1341"}],"version-history":[{"count":2,"href":"https:\/\/www.mumelter.de\/en\/wp-json\/wp\/v2\/pages\/1341\/revisions"}],"predecessor-version":[{"id":1344,"href":"https:\/\/www.mumelter.de\/en\/wp-json\/wp\/v2\/pages\/1341\/revisions\/1344"}],"wp:attachment":[{"href":"https:\/\/www.mumelter.de\/en\/wp-json\/wp\/v2\/media?parent=1341"}],"curies":[{"name":"wp","href":"https:\/\/api.w.org\/{rel}","templated":true}]}}