{"id":1357,"date":"2019-10-24T21:28:40","date_gmt":"2019-10-24T19:28:40","guid":{"rendered":"http:\/\/www.mumelter.de\/gespraechskonzerte\/"},"modified":"2025-02-17T20:46:42","modified_gmt":"2025-02-17T19:46:42","slug":"conversational-concerts","status":"publish","type":"page","link":"https:\/\/www.mumelter.de\/en\/conversational-concerts\/","title":{"rendered":"Conversational Concerts"},"content":{"rendered":"<p><div class=\"fusion-fullwidth fullwidth-box fusion-builder-row-1 nonhundred-percent-fullwidth non-hundred-percent-height-scrolling\" style=\"--awb-border-radius-top-left:0px;--awb-border-radius-top-right:0px;--awb-border-radius-bottom-right:0px;--awb-border-radius-bottom-left:0px;--awb-flex-wrap:wrap;\" ><div class=\"fusion-builder-row fusion-row\"><div class=\"fusion-layout-column fusion_builder_column fusion-builder-column-0 fusion_builder_column_1_1 1_1 fusion-one-full fusion-column-first fusion-column-last\" style=\"--awb-bg-size:cover;--awb-margin-bottom:0px;\"><div class=\"fusion-column-wrapper fusion-flex-column-wrapper-legacy\"><div class=\"fusion-title title fusion-title-1 fusion-title-text fusion-title-size-one\" style=\"--awb-margin-top-small:0px;--awb-margin-right-small:0px;--awb-margin-bottom-small:20px;--awb-margin-left-small:0px;\"><h1 class=\"fusion-title-heading title-heading-left\" style=\"margin:0;\">Conversational Concerts<\/h1><span class=\"awb-title-spacer\"><\/span><div class=\"title-sep-container\"><div class=\"title-sep sep-double sep-solid\" style=\"border-color:#e0dede;\"><\/div><\/div><\/div><div class=\"fusion-clearfix\"><\/div><\/div><\/div><\/div><\/div><div class=\"fusion-fullwidth fullwidth-box fusion-builder-row-2 nonhundred-percent-fullwidth non-hundred-percent-height-scrolling\" style=\"--awb-border-radius-top-left:0px;--awb-border-radius-top-right:0px;--awb-border-radius-bottom-right:0px;--awb-border-radius-bottom-left:0px;--awb-flex-wrap:wrap;\" ><div class=\"fusion-builder-row fusion-row\"><div class=\"fusion-layout-column fusion_builder_column fusion-builder-column-1 fusion_builder_column_1_6 1_6 fusion-one-sixth fusion-column-first\" style=\"--awb-bg-size:cover;--awb-margin-bottom:0px;width:13.3333%; margin-right: 4%;\"><div class=\"fusion-column-wrapper fusion-flex-column-wrapper-legacy\"><div class=\"fusion-text fusion-text-1\"><p style=\"text-align: center;\">&#8220;Listen to and learn to understand music&#8221;<\/p>\n<\/div><div class=\"fusion-image-carousel fusion-image-carousel-fixed fusion-image-carousel-1 lightbox-enabled fusion-carousel-border\"><div class=\"awb-carousel awb-swiper awb-swiper-carousel awb-carousel--carousel awb-swiper-dots-position-bottom\" data-layout=\"carousel\" data-autoplay=\"yes\" data-autoplayspeed=\"2500\" data-autoplaypause=\"no\" data-columns=\"5\" data-columnsmedium=\"1\" data-columnssmall=\"1\" data-itemmargin=\"13\" data-itemwidth=\"180\" data-touchscroll=\"no\" data-freemode=\"no\" data-imagesize=\"fixed\" data-scrollitems=\"0\" data-centeredslides=\"no\" data-rotationangle=\"50\" data-depth=\"100\" data-speed=\"500\" data-shadow=\"no\" data-pagination=\"bullets\" style=\"--awb-border-width:1px;--awb-border-color:#e9eaee;\"><div class=\"swiper-wrapper awb-image-carousel-wrapper fusion-flex-align-items-center\"><div class=\"swiper-slide\"><div class=\"fusion-carousel-item-wrapper\"><div class=\"fusion-image-wrapper hover-type-none\"><a data-rel=\"iLightbox[image_carousel_1]\" data-title=\"Kluft-zur-Romantik\" aria-label=\"Kluft-zur-Romantik\" href=\"http:\/\/www.mumelter.de\/wp-content\/uploads\/Kluft-zur-Romantik.jpg\" target=\"_self\"><img decoding=\"async\" width=\"320\" height=\"202\" src=\"data:image\/svg+xml,%3Csvg%20xmlns%3D%27http%3A%2F%2Fwww.w3.org%2F2000%2Fsvg%27%20width%3D%271400%27%20height%3D%271182%27%20viewBox%3D%270%200%201400%201182%27%3E%3Crect%20width%3D%271400%27%20height%3D%271182%27%20fill-opacity%3D%220%22%2F%3E%3C%2Fsvg%3E\" class=\"attachment-blog-medium size-blog-medium lazyload\" alt=\"\" data-orig-src=\"https:\/\/www.mumelter.de\/wp-content\/uploads\/Kluft-zur-Romantik-320x202.jpg\" \/><\/a><\/div><\/div><\/div><div class=\"swiper-slide\"><div class=\"fusion-carousel-item-wrapper\"><div class=\"fusion-image-wrapper hover-type-none\"><a data-rel=\"iLightbox[image_carousel_1]\" data-title=\"Fuer-musikalische-Raetselfreunde\" aria-label=\"Fuer-musikalische-Raetselfreunde\" href=\"http:\/\/www.mumelter.de\/wp-content\/uploads\/Fuer-musikalische-Raetselfreunde.jpg\" target=\"_self\"><img decoding=\"async\" width=\"320\" height=\"202\" src=\"data:image\/svg+xml,%3Csvg%20xmlns%3D%27http%3A%2F%2Fwww.w3.org%2F2000%2Fsvg%27%20width%3D%271250%27%20height%3D%271172%27%20viewBox%3D%270%200%201250%201172%27%3E%3Crect%20width%3D%271250%27%20height%3D%271172%27%20fill-opacity%3D%220%22%2F%3E%3C%2Fsvg%3E\" class=\"attachment-blog-medium size-blog-medium lazyload\" alt=\"\" data-orig-src=\"https:\/\/www.mumelter.de\/wp-content\/uploads\/Fuer-musikalische-Raetselfreunde-320x202.jpg\" \/><\/a><\/div><\/div><\/div><div class=\"swiper-slide\"><div class=\"fusion-carousel-item-wrapper\"><div class=\"fusion-image-wrapper hover-type-none\"><a data-rel=\"iLightbox[image_carousel_1]\" data-title=\"Von-Beethovens-scharfen-Berechnungen\" aria-label=\"Von-Beethovens-scharfen-Berechnungen\" href=\"http:\/\/www.mumelter.de\/wp-content\/uploads\/Von-Beethovens-scharfen-Berechnungen.jpg\" target=\"_self\"><img decoding=\"async\" width=\"320\" height=\"202\" src=\"data:image\/svg+xml,%3Csvg%20xmlns%3D%27http%3A%2F%2Fwww.w3.org%2F2000%2Fsvg%27%20width%3D%271178%27%20height%3D%271004%27%20viewBox%3D%270%200%201178%201004%27%3E%3Crect%20width%3D%271178%27%20height%3D%271004%27%20fill-opacity%3D%220%22%2F%3E%3C%2Fsvg%3E\" class=\"attachment-blog-medium size-blog-medium lazyload\" alt=\"\" data-orig-src=\"https:\/\/www.mumelter.de\/wp-content\/uploads\/Von-Beethovens-scharfen-Berechnungen-320x202.jpg\" \/><\/a><\/div><\/div><\/div><div class=\"swiper-slide\"><div class=\"fusion-carousel-item-wrapper\"><div class=\"fusion-image-wrapper hover-type-none\"><a data-rel=\"iLightbox[image_carousel_1]\" data-title=\"Irgendwo-in-der-Luft\" aria-label=\"Irgendwo-in-der-Luft\" href=\"http:\/\/www.mumelter.de\/wp-content\/uploads\/Irgendwo-in-der-Luft.jpg\" target=\"_self\"><img decoding=\"async\" width=\"320\" height=\"202\" src=\"data:image\/svg+xml,%3Csvg%20xmlns%3D%27http%3A%2F%2Fwww.w3.org%2F2000%2Fsvg%27%20width%3D%271134%27%20height%3D%27926%27%20viewBox%3D%270%200%201134%20926%27%3E%3Crect%20width%3D%271134%27%20height%3D%27926%27%20fill-opacity%3D%220%22%2F%3E%3C%2Fsvg%3E\" class=\"attachment-blog-medium size-blog-medium lazyload\" alt=\"\" data-orig-src=\"https:\/\/www.mumelter.de\/wp-content\/uploads\/Irgendwo-in-der-Luft-320x202.jpg\" \/><\/a><\/div><\/div><\/div><div class=\"swiper-slide\"><div class=\"fusion-carousel-item-wrapper\"><div class=\"fusion-image-wrapper hover-type-none\"><a data-rel=\"iLightbox[image_carousel_1]\" data-title=\"Didaktisch-vorbildlich\" aria-label=\"Didaktisch-vorbildlich\" href=\"http:\/\/www.mumelter.de\/wp-content\/uploads\/Didaktisch-vorbildlich.jpg\" target=\"_self\"><img decoding=\"async\" width=\"320\" height=\"202\" src=\"data:image\/svg+xml,%3Csvg%20xmlns%3D%27http%3A%2F%2Fwww.w3.org%2F2000%2Fsvg%27%20width%3D%27796%27%20height%3D%271208%27%20viewBox%3D%270%200%20796%201208%27%3E%3Crect%20width%3D%27796%27%20height%3D%271208%27%20fill-opacity%3D%220%22%2F%3E%3C%2Fsvg%3E\" class=\"attachment-blog-medium size-blog-medium lazyload\" alt=\"\" data-orig-src=\"https:\/\/www.mumelter.de\/wp-content\/uploads\/Didaktisch-vorbildlich-320x202.jpg\" \/><\/a><\/div><\/div><\/div><div class=\"swiper-slide\"><div class=\"fusion-carousel-item-wrapper\"><div class=\"fusion-image-wrapper hover-type-none\"><a data-rel=\"iLightbox[image_carousel_1]\" data-title=\"Zertruemmernde-Klaviereruptionen\" aria-label=\"Zertruemmernde-Klaviereruptionen\" href=\"http:\/\/www.mumelter.de\/wp-content\/uploads\/Zertruemmernde-Klaviereruptionen.jpg\" target=\"_self\"><img decoding=\"async\" width=\"320\" height=\"202\" src=\"data:image\/svg+xml,%3Csvg%20xmlns%3D%27http%3A%2F%2Fwww.w3.org%2F2000%2Fsvg%27%20width%3D%271752%27%20height%3D%271022%27%20viewBox%3D%270%200%201752%201022%27%3E%3Crect%20width%3D%271752%27%20height%3D%271022%27%20fill-opacity%3D%220%22%2F%3E%3C%2Fsvg%3E\" class=\"attachment-blog-medium size-blog-medium lazyload\" alt=\"\" data-orig-src=\"https:\/\/www.mumelter.de\/wp-content\/uploads\/Zertruemmernde-Klaviereruptionen-320x202.jpg\" \/><\/a><\/div><\/div><\/div><div class=\"swiper-slide\"><div class=\"fusion-carousel-item-wrapper\"><div class=\"fusion-image-wrapper hover-type-none\"><a data-rel=\"iLightbox[image_carousel_1]\" data-title=\"Psychogramm-des-zerrissenen-Lebens-von-Brahms\" aria-label=\"Psychogramm-des-zerrissenen-Lebens-von-Brahms\" href=\"http:\/\/www.mumelter.de\/wp-content\/uploads\/Psychogramm-des-zerrissenen-Lebens-von-Brahms.jpg\" target=\"_self\"><img decoding=\"async\" width=\"320\" height=\"202\" src=\"data:image\/svg+xml,%3Csvg%20xmlns%3D%27http%3A%2F%2Fwww.w3.org%2F2000%2Fsvg%27%20width%3D%271920%27%20height%3D%27833%27%20viewBox%3D%270%200%201920%20833%27%3E%3Crect%20width%3D%271920%27%20height%3D%27833%27%20fill-opacity%3D%220%22%2F%3E%3C%2Fsvg%3E\" class=\"attachment-blog-medium size-blog-medium lazyload\" alt=\"\" data-orig-src=\"https:\/\/www.mumelter.de\/wp-content\/uploads\/Psychogramm-des-zerrissenen-Lebens-von-Brahms-320x202.jpg\" \/><\/a><\/div><\/div><\/div><\/div><div class=\"awb-swiper-button awb-swiper-button-prev\"><i class=\"awb-icon-angle-left\" aria-hidden=\"true\"><\/i><\/div><div class=\"awb-swiper-button awb-swiper-button-next\"><i class=\"awb-icon-angle-right\" aria-hidden=\"true\"><\/i><\/div><\/div><\/div><div class=\"fusion-section-separator section-separator triangle fusion-section-separator-1\" style=\"--awb-border-top:1px solid #f6f6f6;--awb-spacer-height:1px;--awb-svg-margin-left:0;--awb-svg-margin-right:0;--awb-icon-color:#ffffff;\"><div class=\"fusion-section-separator-svg\"><div class=\"divider-candy-arrow top\" style=\"bottom:0px;border-bottom-color: #f6f6f6;\"><\/div><div class=\"divider-candy top\" style=\"top:-21px;border-bottom:1px solid #f6f6f6;border-left:1px solid #f6f6f6;\"><\/div><\/div><div class=\"fusion-section-separator-spacer\"><div class=\"fusion-section-separator-spacer-height\"><\/div><\/div><\/div><div class=\"fusion-sep-clear\"><\/div><div class=\"fusion-separator fusion-full-width-sep\" style=\"margin-left: auto;margin-right: auto;margin-top:10px;margin-bottom:10px;width:100%;\"><\/div><div class=\"fusion-sep-clear\"><\/div><div class=\"fusion-text fusion-text-2\"><p style=\"text-align: center;\"><span style=\"font-family: Calibri;\">For media reports about conversational concerts click above<\/span><\/p>\n<\/div><div class=\"fusion-clearfix\"><\/div><\/div><\/div><div class=\"fusion-layout-column fusion_builder_column fusion-builder-column-2 fusion_builder_column_1_2 1_2 fusion-one-half\" style=\"--awb-bg-size:cover;--awb-margin-bottom:0px;width:48%; margin-right: 4%;\"><div class=\"fusion-column-wrapper fusion-flex-column-wrapper-legacy\"><div class=\"fusion-text fusion-text-3\"><p>I have developed a whole series of conversational concerts and plan further ones.<\/p>\n<p>Together with the audience, dimensions of both well-known and completely new compositions are explored, which are otherwise difficult to unlock, especially in view of today&#8217;s excessive presence of music in all places and in all media.<\/p>\n<p>A discussion and sampling session is followed by a performance of the whole work, allowing the concert to evolve in what it ought to be: a shared ritual of players and listeners.<\/p>\n<p>It is only within us that the experience of art emerges. Those who skillfully adjust their perception to the respective work, its language, period, stile, structure, the associations, inner conflicts, solutions, developments \u2013 can experience miracles. Musicians experience this during rehearsals. We would like to share some of this with our audience in an informal atmosphere. Insiders have always done this in exclusive circles, in Haydn and Beethoven&#8217;s times as well as in the salons of Romanticism. Today, in times of YouTube and Facebook, this seems more exciting than ever &#8211; and more necessary than ever.<\/p>\n<p>Programs on request and in consultation with organizers see <a href=\"http:\/\/www.mumelter.de\/en\/contact\"><strong>contact<\/strong><\/a>.<\/p>\n<\/div><div class=\"fusion-clearfix\"><\/div><\/div><\/div><\/div><\/div><div class=\"fusion-fullwidth fullwidth-box fusion-builder-row-3 nonhundred-percent-fullwidth non-hundred-percent-height-scrolling\" style=\"--awb-border-radius-top-left:0px;--awb-border-radius-top-right:0px;--awb-border-radius-bottom-right:0px;--awb-border-radius-bottom-left:0px;--awb-flex-wrap:wrap;\" ><div class=\"fusion-builder-row fusion-row\"><div class=\"fusion-layout-column fusion_builder_column fusion-builder-column-3 fusion_builder_column_1_1 1_1 fusion-one-full fusion-column-first fusion-column-last\" style=\"--awb-bg-size:cover;\"><div class=\"fusion-column-wrapper fusion-flex-column-wrapper-legacy\"><div class=\"fusion-sep-clear\"><\/div><div class=\"fusion-separator fusion-full-width-sep\" style=\"margin-left: auto;margin-right: auto;margin-top:40px;margin-bottom:40px;width:100%;\"><div class=\"fusion-separator-border sep-double\" style=\"--awb-height:20px;--awb-amount:20px;border-color:#e0dede;border-top-width:1px;border-bottom-width:1px;\"><\/div><\/div><div class=\"fusion-sep-clear\"><\/div><div class=\"fusion-clearfix\"><\/div><\/div><\/div><\/div><\/div><\/p>\n","protected":false},"excerpt":{"rendered":"","protected":false},"author":2,"featured_media":0,"parent":0,"menu_order":69,"comment_status":"closed","ping_status":"closed","template":"","meta":{"footnotes":""},"class_list":["post-1357","page","type-page","status-publish","hentry"],"yoast_head":"<!-- This site is optimized with the Yoast SEO plugin v27.2 - https:\/\/yoast.com\/product\/yoast-seo-wordpress\/ -->\n<title>Gespr\u00e4chskonzerte<\/title>\n<meta name=\"description\" content=\"Gemeinsam mit der Zuh\u00f6rerschaft werden Dimensionen sowohl bekannter als auch v\u00f6llig neuer Werke er\u00f6ffnet, die gerade angesichts der heutigen \u00dcberpr\u00e4senz von Musik an allen Orten und in allen Medien ansonsten schwer zu erschlie\u00dfen sind.\" \/>\n<meta name=\"robots\" content=\"index, follow, max-snippet:-1, max-image-preview:large, max-video-preview:-1\" \/>\n<link rel=\"canonical\" href=\"https:\/\/www.mumelter.de\/en\/conversational-concerts\/\" \/>\n<meta property=\"og:locale\" content=\"en_US\" \/>\n<meta property=\"og:type\" content=\"article\" \/>\n<meta property=\"og:title\" content=\"Gespr\u00e4chskonzerte\" \/>\n<meta property=\"og:description\" content=\"Gemeinsam mit der Zuh\u00f6rerschaft werden Dimensionen sowohl bekannter als auch v\u00f6llig neuer Werke er\u00f6ffnet, die gerade angesichts der heutigen \u00dcberpr\u00e4senz von Musik an allen Orten und in allen Medien ansonsten schwer zu erschlie\u00dfen sind.\" \/>\n<meta property=\"og:url\" content=\"https:\/\/www.mumelter.de\/en\/conversational-concerts\/\" \/>\n<meta property=\"og:site_name\" content=\"Martin Mumelter, Geiger und Autor\" \/>\n<meta property=\"article:modified_time\" content=\"2025-02-17T19:46:42+00:00\" \/>\n<meta name=\"twitter:card\" content=\"summary_large_image\" \/>\n<meta name=\"twitter:label1\" content=\"Est. reading time\" \/>\n\t<meta name=\"twitter:data1\" content=\"6 minutes\" \/>\n<script type=\"application\/ld+json\" class=\"yoast-schema-graph\">{\"@context\":\"https:\/\/schema.org\",\"@graph\":[{\"@type\":\"WebPage\",\"@id\":\"https:\/\/www.mumelter.de\/en\/conversational-concerts\/\",\"url\":\"https:\/\/www.mumelter.de\/en\/conversational-concerts\/\",\"name\":\"Gespr\u00e4chskonzerte\",\"isPartOf\":{\"@id\":\"https:\/\/www.mumelter.de\/en\/#website\"},\"datePublished\":\"2019-10-24T19:28:40+00:00\",\"dateModified\":\"2025-02-17T19:46:42+00:00\",\"description\":\"Gemeinsam mit der Zuh\u00f6rerschaft werden Dimensionen sowohl bekannter als auch v\u00f6llig neuer Werke er\u00f6ffnet, die gerade angesichts der heutigen \u00dcberpr\u00e4senz von Musik an allen Orten und in allen Medien ansonsten schwer zu erschlie\u00dfen sind.\",\"breadcrumb\":{\"@id\":\"https:\/\/www.mumelter.de\/en\/conversational-concerts\/#breadcrumb\"},\"inLanguage\":\"en-US\",\"potentialAction\":[{\"@type\":\"ReadAction\",\"target\":[\"https:\/\/www.mumelter.de\/en\/conversational-concerts\/\"]}]},{\"@type\":\"BreadcrumbList\",\"@id\":\"https:\/\/www.mumelter.de\/en\/conversational-concerts\/#breadcrumb\",\"itemListElement\":[{\"@type\":\"ListItem\",\"position\":1,\"name\":\"Startseite\",\"item\":\"https:\/\/www.mumelter.de\/en\/\"},{\"@type\":\"ListItem\",\"position\":2,\"name\":\"Conversational Concerts\"}]},{\"@type\":\"WebSite\",\"@id\":\"https:\/\/www.mumelter.de\/en\/#website\",\"url\":\"https:\/\/www.mumelter.de\/en\/\",\"name\":\"Martin Mumelter, Geiger und Autor\",\"description\":\"Geiger von Bachs Soli bis zu Urauff\u00fchrungen (H\u00f6lszky u.v.a.), Klassik d. Moderne (Sch\u00f6nberg-Violinkonzert), Autor musikphilosophischer \/ literarischer Werke\",\"publisher\":{\"@id\":\"https:\/\/www.mumelter.de\/en\/#\/schema\/person\/cfe72fd6208bd84a7597c51d2de1e546\"},\"potentialAction\":[{\"@type\":\"SearchAction\",\"target\":{\"@type\":\"EntryPoint\",\"urlTemplate\":\"https:\/\/www.mumelter.de\/en\/?s={search_term_string}\"},\"query-input\":{\"@type\":\"PropertyValueSpecification\",\"valueRequired\":true,\"valueName\":\"search_term_string\"}}],\"inLanguage\":\"en-US\"},{\"@type\":[\"Person\",\"Organization\"],\"@id\":\"https:\/\/www.mumelter.de\/en\/#\/schema\/person\/cfe72fd6208bd84a7597c51d2de1e546\",\"name\":\"MM\",\"image\":{\"@type\":\"ImageObject\",\"inLanguage\":\"en-US\",\"@id\":\"https:\/\/secure.gravatar.com\/avatar\/9de64a957bdf1828008db982a56dbefc9e5bea8f1c75247efbc18ff0149a68ef?s=96&d=mm&r=g\",\"url\":\"https:\/\/secure.gravatar.com\/avatar\/9de64a957bdf1828008db982a56dbefc9e5bea8f1c75247efbc18ff0149a68ef?s=96&d=mm&r=g\",\"contentUrl\":\"https:\/\/secure.gravatar.com\/avatar\/9de64a957bdf1828008db982a56dbefc9e5bea8f1c75247efbc18ff0149a68ef?s=96&d=mm&r=g\",\"caption\":\"MM\"},\"logo\":{\"@id\":\"https:\/\/secure.gravatar.com\/avatar\/9de64a957bdf1828008db982a56dbefc9e5bea8f1c75247efbc18ff0149a68ef?s=96&d=mm&r=g\"}}]}<\/script>\n<!-- \/ Yoast SEO plugin. -->","yoast_head_json":{"title":"Gespr\u00e4chskonzerte","description":"Gemeinsam mit der Zuh\u00f6rerschaft werden Dimensionen sowohl bekannter als auch v\u00f6llig neuer Werke er\u00f6ffnet, die gerade angesichts der heutigen \u00dcberpr\u00e4senz von Musik an allen Orten und in allen Medien ansonsten schwer zu erschlie\u00dfen sind.","robots":{"index":"index","follow":"follow","max-snippet":"max-snippet:-1","max-image-preview":"max-image-preview:large","max-video-preview":"max-video-preview:-1"},"canonical":"https:\/\/www.mumelter.de\/en\/conversational-concerts\/","og_locale":"en_US","og_type":"article","og_title":"Gespr\u00e4chskonzerte","og_description":"Gemeinsam mit der Zuh\u00f6rerschaft werden Dimensionen sowohl bekannter als auch v\u00f6llig neuer Werke er\u00f6ffnet, die gerade angesichts der heutigen \u00dcberpr\u00e4senz von Musik an allen Orten und in allen Medien ansonsten schwer zu erschlie\u00dfen sind.","og_url":"https:\/\/www.mumelter.de\/en\/conversational-concerts\/","og_site_name":"Martin Mumelter, Geiger und Autor","article_modified_time":"2025-02-17T19:46:42+00:00","twitter_card":"summary_large_image","twitter_misc":{"Est. reading time":"6 minutes"},"schema":{"@context":"https:\/\/schema.org","@graph":[{"@type":"WebPage","@id":"https:\/\/www.mumelter.de\/en\/conversational-concerts\/","url":"https:\/\/www.mumelter.de\/en\/conversational-concerts\/","name":"Gespr\u00e4chskonzerte","isPartOf":{"@id":"https:\/\/www.mumelter.de\/en\/#website"},"datePublished":"2019-10-24T19:28:40+00:00","dateModified":"2025-02-17T19:46:42+00:00","description":"Gemeinsam mit der Zuh\u00f6rerschaft werden Dimensionen sowohl bekannter als auch v\u00f6llig neuer Werke er\u00f6ffnet, die gerade angesichts der heutigen \u00dcberpr\u00e4senz von Musik an allen Orten und in allen Medien ansonsten schwer zu erschlie\u00dfen sind.","breadcrumb":{"@id":"https:\/\/www.mumelter.de\/en\/conversational-concerts\/#breadcrumb"},"inLanguage":"en-US","potentialAction":[{"@type":"ReadAction","target":["https:\/\/www.mumelter.de\/en\/conversational-concerts\/"]}]},{"@type":"BreadcrumbList","@id":"https:\/\/www.mumelter.de\/en\/conversational-concerts\/#breadcrumb","itemListElement":[{"@type":"ListItem","position":1,"name":"Startseite","item":"https:\/\/www.mumelter.de\/en\/"},{"@type":"ListItem","position":2,"name":"Conversational Concerts"}]},{"@type":"WebSite","@id":"https:\/\/www.mumelter.de\/en\/#website","url":"https:\/\/www.mumelter.de\/en\/","name":"Martin Mumelter, Geiger und Autor","description":"Geiger von Bachs Soli bis zu Urauff\u00fchrungen (H\u00f6lszky u.v.a.), Klassik d. Moderne (Sch\u00f6nberg-Violinkonzert), Autor musikphilosophischer \/ literarischer Werke","publisher":{"@id":"https:\/\/www.mumelter.de\/en\/#\/schema\/person\/cfe72fd6208bd84a7597c51d2de1e546"},"potentialAction":[{"@type":"SearchAction","target":{"@type":"EntryPoint","urlTemplate":"https:\/\/www.mumelter.de\/en\/?s={search_term_string}"},"query-input":{"@type":"PropertyValueSpecification","valueRequired":true,"valueName":"search_term_string"}}],"inLanguage":"en-US"},{"@type":["Person","Organization"],"@id":"https:\/\/www.mumelter.de\/en\/#\/schema\/person\/cfe72fd6208bd84a7597c51d2de1e546","name":"MM","image":{"@type":"ImageObject","inLanguage":"en-US","@id":"https:\/\/secure.gravatar.com\/avatar\/9de64a957bdf1828008db982a56dbefc9e5bea8f1c75247efbc18ff0149a68ef?s=96&d=mm&r=g","url":"https:\/\/secure.gravatar.com\/avatar\/9de64a957bdf1828008db982a56dbefc9e5bea8f1c75247efbc18ff0149a68ef?s=96&d=mm&r=g","contentUrl":"https:\/\/secure.gravatar.com\/avatar\/9de64a957bdf1828008db982a56dbefc9e5bea8f1c75247efbc18ff0149a68ef?s=96&d=mm&r=g","caption":"MM"},"logo":{"@id":"https:\/\/secure.gravatar.com\/avatar\/9de64a957bdf1828008db982a56dbefc9e5bea8f1c75247efbc18ff0149a68ef?s=96&d=mm&r=g"}}]}},"_links":{"self":[{"href":"https:\/\/www.mumelter.de\/en\/wp-json\/wp\/v2\/pages\/1357","targetHints":{"allow":["GET"]}}],"collection":[{"href":"https:\/\/www.mumelter.de\/en\/wp-json\/wp\/v2\/pages"}],"about":[{"href":"https:\/\/www.mumelter.de\/en\/wp-json\/wp\/v2\/types\/page"}],"author":[{"embeddable":true,"href":"https:\/\/www.mumelter.de\/en\/wp-json\/wp\/v2\/users\/2"}],"replies":[{"embeddable":true,"href":"https:\/\/www.mumelter.de\/en\/wp-json\/wp\/v2\/comments?post=1357"}],"version-history":[{"count":12,"href":"https:\/\/www.mumelter.de\/en\/wp-json\/wp\/v2\/pages\/1357\/revisions"}],"predecessor-version":[{"id":1533,"href":"https:\/\/www.mumelter.de\/en\/wp-json\/wp\/v2\/pages\/1357\/revisions\/1533"}],"wp:attachment":[{"href":"https:\/\/www.mumelter.de\/en\/wp-json\/wp\/v2\/media?parent=1357"}],"curies":[{"name":"wp","href":"https:\/\/api.w.org\/{rel}","templated":true}]}}