{"id":1493,"date":"2017-06-15T12:35:51","date_gmt":"2017-06-15T10:35:51","guid":{"rendered":"http:\/\/www.mumelter.de\/charles-ives-klaviertrio-und-cage-music-for-three\/"},"modified":"2025-02-17T20:46:42","modified_gmt":"2025-02-17T19:46:42","slug":"charles-ives-piano-trio-and-cage-music-for-three","status":"publish","type":"page","link":"https:\/\/www.mumelter.de\/en\/charles-ives-piano-trio-and-cage-music-for-three\/","title":{"rendered":"Charles Ives: Piano Trio and John Cage, Music for Three"},"content":{"rendered":"<p><div class=\"fusion-fullwidth fullwidth-box fusion-builder-row-1 nonhundred-percent-fullwidth non-hundred-percent-height-scrolling\" style=\"--awb-border-radius-top-left:0px;--awb-border-radius-top-right:0px;--awb-border-radius-bottom-right:0px;--awb-border-radius-bottom-left:0px;--awb-flex-wrap:wrap;\" ><div class=\"fusion-builder-row fusion-row\"><div class=\"fusion-layout-column fusion_builder_column fusion-builder-column-0 fusion_builder_column_1_1 1_1 fusion-one-full fusion-column-first fusion-column-last\" style=\"--awb-bg-size:cover;\"><div class=\"fusion-column-wrapper fusion-flex-column-wrapper-legacy\"><div class=\"fusion-title title fusion-title-1 fusion-title-text fusion-title-size-one\" style=\"--awb-margin-top-small:0px;--awb-margin-right-small:0px;--awb-margin-bottom-small:20px;--awb-margin-left-small:0px;\"><h1 class=\"fusion-title-heading title-heading-left\" style=\"margin:0;\">Charles Ives: Piano Trio and John Cage, Music for Three<\/h1><span class=\"awb-title-spacer\"><\/span><div class=\"title-sep-container\"><div class=\"title-sep sep-double sep-solid\" style=\"border-color:#e0dede;\"><\/div><\/div><\/div><div class=\"fusion-clearfix\"><\/div><\/div><\/div><\/div><\/div><div class=\"fusion-fullwidth fullwidth-box fusion-builder-row-2 nonhundred-percent-fullwidth non-hundred-percent-height-scrolling\" style=\"--awb-border-radius-top-left:0px;--awb-border-radius-top-right:0px;--awb-border-radius-bottom-right:0px;--awb-border-radius-bottom-left:0px;--awb-flex-wrap:wrap;\" ><div class=\"fusion-builder-row fusion-row\"><div class=\"fusion-layout-column fusion_builder_column fusion-builder-column-1 fusion_builder_column_1_6 1_6 fusion-one-sixth fusion-column-first\" style=\"--awb-bg-size:cover;width:16.666666666667%;width:calc(16.666666666667% - ( ( 4% ) * 0.16666666666667 ) );margin-right: 4%;\"><div class=\"fusion-column-wrapper fusion-flex-column-wrapper-legacy\"><div class=\"fusion-image-carousel fusion-image-carousel-auto fusion-image-carousel-1 lightbox-enabled fusion-carousel-border\"><div class=\"awb-carousel awb-swiper awb-swiper-carousel awb-carousel--carousel awb-swiper-dots-position-bottom\" data-layout=\"carousel\" data-autoplay=\"no\" data-autoplayspeed=\"2500\" data-autoplaypause=\"no\" data-columns=\"5\" data-columnsmedium=\"1\" data-columnssmall=\"1\" data-itemmargin=\"13\" data-itemwidth=\"180\" data-touchscroll=\"no\" data-freemode=\"no\" data-imagesize=\"auto\" data-scrollitems=\"0\" data-centeredslides=\"no\" data-rotationangle=\"50\" data-depth=\"100\" data-speed=\"500\" data-shadow=\"no\" data-pagination=\"bullets\" style=\"--awb-border-width:1px;--awb-border-color:#e9eaee;\"><div class=\"swiper-wrapper awb-image-carousel-wrapper fusion-flex-align-items-center\"><div class=\"swiper-slide\"><div class=\"fusion-carousel-item-wrapper\"><div class=\"fusion-image-wrapper hover-type-none\"><a data-rel=\"iLightbox[image_carousel_1]\" href=\"http:\/\/www.mumelter.de\/wp-content\/uploads\/Music_for_three_1.png\" target=\"_self\"><img decoding=\"async\" class=\"lazyload\" src=\"data:image\/gif;base64,R0lGODlhAQABAAAAACH5BAEKAAEALAAAAAABAAEAAAICTAEAOw==\" data-orig-src=\"http:\/\/www.mumelter.de\/wp-content\/uploads\/Music_for_three_1.png\" alt=\"\"\/><\/a><\/div><\/div><\/div><div class=\"swiper-slide\"><div class=\"fusion-carousel-item-wrapper\"><div class=\"fusion-image-wrapper hover-type-none\"><a data-rel=\"iLightbox[image_carousel_1]\" href=\"http:\/\/www.mumelter.de\/wp-content\/uploads\/Music_for_three_2.png\" target=\"_self\"><img decoding=\"async\" class=\"lazyload\" src=\"data:image\/gif;base64,R0lGODlhAQABAAAAACH5BAEKAAEALAAAAAABAAEAAAICTAEAOw==\" data-orig-src=\"http:\/\/www.mumelter.de\/wp-content\/uploads\/Music_for_three_2.png\" alt=\"\"\/><\/a><\/div><\/div><\/div><\/div><\/div><\/div><div class=\"fusion-sep-clear\"><\/div><div class=\"fusion-separator fusion-full-width-sep\" style=\"margin-left: auto;margin-right: auto;margin-top:10px;margin-bottom:20px;width:100%;\"><div class=\"fusion-separator-border sep-single sep-solid\" style=\"--awb-height:20px;--awb-amount:20px;border-color:#e0dede;border-top-width:1px;\"><\/div><\/div><div class=\"fusion-sep-clear\"><\/div><div class=\"fusion-clearfix\"><\/div><\/div><\/div><div class=\"fusion-layout-column fusion_builder_column fusion-builder-column-2 fusion_builder_column_2_3 2_3 fusion-two-third fusion-column-last\" style=\"--awb-bg-size:cover;width:66.666666666667%;width:calc(66.666666666667% - ( ( 4% ) * 0.66666666666667 ) );\"><div class=\"fusion-column-wrapper fusion-flex-column-wrapper-legacy\"><div class=\"fusion-text fusion-text-1\"><p>B\u00e4rtschi had a duo with the very young cellist Wen-Sinn Yang, born in Switzerland, later solo cellist with the Symphonieorchester des Bayerischen Rundfunks, today soloist and professor in Munich. It was therefore only natural to perform and record the trio in this formation. We had particular fun with the middle movement of the trio, a truly berserk piece, seemingly chaotic, in reality perfectly composed, like a natural phenomenon even today. TSIAJ is the movement: &#8220;This Scherzo is a Joke.&#8221; Ives knew quite well that not all Scherzi are funny, and that&#8217;s where the seemingly tautological joke lies; it fits in with his critical attitude towards European fine arts music.<\/p>\n<p>Cage was added quite naturally. This work sounds different each time, as each of the musicians has to complete certain elements within time windows that are indicated by a stopwatch. That is the way of life&#8230; Everyone is bound in his own destiny and his own time, but everyone can also make contact with others. Within these time windows there is room for interpretation and you can decide when and how to play the &#8211; sometimes very demanding &#8211; figures, depending on how you feel and how you want to correspond with what is happening to your partners: How do they feel, where are they, and how do I respond? Do I enter into opposition, dialogue, confirmation? Or do I go my own way? Each time it is a profound experience within the seemingly endless empty spaces that one traverses. We played the recording according to Cage&#8217;s intention in the first and only thirty-minute take in a studio of Bayerischer Rundfunk.<\/p>\n<\/div><div class=\"fusion-button-wrapper\"><a class=\"fusion-button button-flat fusion-button-default-size button-default fusion-button-default button-1 fusion-button-default-span fusion-button-default-type\" target=\"_self\" href=\"http:\/\/www.mumelter.de\/en\/recordings\/\"><span class=\"fusion-button-text awb-button__text awb-button__text--default\">Return to &quot;Recordings&quot;<\/span><\/a><\/div><div class=\"fusion-clearfix\"><\/div><\/div><\/div><\/div><\/div><\/p>\n","protected":false},"excerpt":{"rendered":"","protected":false},"author":2,"featured_media":0,"parent":0,"menu_order":63,"comment_status":"closed","ping_status":"closed","template":"","meta":{"footnotes":""},"class_list":["post-1493","page","type-page","status-publish","hentry"],"yoast_head":"<!-- This site is optimized with the Yoast SEO plugin v27.2 - https:\/\/yoast.com\/product\/yoast-seo-wordpress\/ -->\n<title>&quot;Wovon man nur tr\u00e4umen konnte&quot; \u2013 Martin Mumelter, Geiger und Autor<\/title>\n<meta name=\"description\" content=\"Das bessere Amerika - Charles Ives, gespielt von Martin Mumelter, Wen-Sinn Yang und Werner B\u00e4rtschi -\" \/>\n<meta name=\"robots\" content=\"index, follow, max-snippet:-1, max-image-preview:large, max-video-preview:-1\" \/>\n<link rel=\"canonical\" href=\"https:\/\/www.mumelter.de\/en\/charles-ives-piano-trio-and-cage-music-for-three\/\" \/>\n<meta property=\"og:locale\" content=\"en_US\" \/>\n<meta property=\"og:type\" content=\"article\" \/>\n<meta property=\"og:title\" content=\"&quot;Wovon man nur tr\u00e4umen konnte&quot; \u2013 Martin Mumelter, Geiger und Autor\" \/>\n<meta property=\"og:description\" content=\"Das bessere Amerika - Charles Ives, gespielt von Martin Mumelter, Wen-Sinn Yang und Werner B\u00e4rtschi -\" \/>\n<meta property=\"og:url\" content=\"https:\/\/www.mumelter.de\/en\/charles-ives-piano-trio-and-cage-music-for-three\/\" \/>\n<meta property=\"og:site_name\" content=\"Martin Mumelter, Geiger und Autor\" \/>\n<meta property=\"article:modified_time\" content=\"2025-02-17T19:46:42+00:00\" \/>\n<meta name=\"twitter:card\" content=\"summary_large_image\" \/>\n<meta name=\"twitter:label1\" content=\"Est. reading time\" \/>\n\t<meta name=\"twitter:data1\" content=\"5 minutes\" \/>\n<script type=\"application\/ld+json\" class=\"yoast-schema-graph\">{\"@context\":\"https:\/\/schema.org\",\"@graph\":[{\"@type\":\"WebPage\",\"@id\":\"https:\/\/www.mumelter.de\/en\/charles-ives-piano-trio-and-cage-music-for-three\/\",\"url\":\"https:\/\/www.mumelter.de\/en\/charles-ives-piano-trio-and-cage-music-for-three\/\",\"name\":\"\\\"Wovon man nur tr\u00e4umen konnte\\\" \u2013 Martin Mumelter, Geiger und Autor\",\"isPartOf\":{\"@id\":\"https:\/\/www.mumelter.de\/en\/#website\"},\"datePublished\":\"2017-06-15T10:35:51+00:00\",\"dateModified\":\"2025-02-17T19:46:42+00:00\",\"description\":\"Das bessere Amerika - Charles Ives, gespielt von Martin Mumelter, Wen-Sinn Yang und Werner B\u00e4rtschi -\",\"breadcrumb\":{\"@id\":\"https:\/\/www.mumelter.de\/en\/charles-ives-piano-trio-and-cage-music-for-three\/#breadcrumb\"},\"inLanguage\":\"en-US\",\"potentialAction\":[{\"@type\":\"ReadAction\",\"target\":[\"https:\/\/www.mumelter.de\/en\/charles-ives-piano-trio-and-cage-music-for-three\/\"]}]},{\"@type\":\"BreadcrumbList\",\"@id\":\"https:\/\/www.mumelter.de\/en\/charles-ives-piano-trio-and-cage-music-for-three\/#breadcrumb\",\"itemListElement\":[{\"@type\":\"ListItem\",\"position\":1,\"name\":\"Startseite\",\"item\":\"https:\/\/www.mumelter.de\/en\/\"},{\"@type\":\"ListItem\",\"position\":2,\"name\":\"Charles Ives: Piano Trio and John Cage, Music for Three\"}]},{\"@type\":\"WebSite\",\"@id\":\"https:\/\/www.mumelter.de\/en\/#website\",\"url\":\"https:\/\/www.mumelter.de\/en\/\",\"name\":\"Martin Mumelter, Geiger und Autor\",\"description\":\"Geiger von Bachs Soli bis zu Urauff\u00fchrungen (H\u00f6lszky u.v.a.), Klassik d. Moderne (Sch\u00f6nberg-Violinkonzert), Autor musikphilosophischer \/ literarischer Werke\",\"publisher\":{\"@id\":\"https:\/\/www.mumelter.de\/en\/#\/schema\/person\/cfe72fd6208bd84a7597c51d2de1e546\"},\"potentialAction\":[{\"@type\":\"SearchAction\",\"target\":{\"@type\":\"EntryPoint\",\"urlTemplate\":\"https:\/\/www.mumelter.de\/en\/?s={search_term_string}\"},\"query-input\":{\"@type\":\"PropertyValueSpecification\",\"valueRequired\":true,\"valueName\":\"search_term_string\"}}],\"inLanguage\":\"en-US\"},{\"@type\":[\"Person\",\"Organization\"],\"@id\":\"https:\/\/www.mumelter.de\/en\/#\/schema\/person\/cfe72fd6208bd84a7597c51d2de1e546\",\"name\":\"MM\",\"image\":{\"@type\":\"ImageObject\",\"inLanguage\":\"en-US\",\"@id\":\"https:\/\/secure.gravatar.com\/avatar\/9de64a957bdf1828008db982a56dbefc9e5bea8f1c75247efbc18ff0149a68ef?s=96&d=mm&r=g\",\"url\":\"https:\/\/secure.gravatar.com\/avatar\/9de64a957bdf1828008db982a56dbefc9e5bea8f1c75247efbc18ff0149a68ef?s=96&d=mm&r=g\",\"contentUrl\":\"https:\/\/secure.gravatar.com\/avatar\/9de64a957bdf1828008db982a56dbefc9e5bea8f1c75247efbc18ff0149a68ef?s=96&d=mm&r=g\",\"caption\":\"MM\"},\"logo\":{\"@id\":\"https:\/\/secure.gravatar.com\/avatar\/9de64a957bdf1828008db982a56dbefc9e5bea8f1c75247efbc18ff0149a68ef?s=96&d=mm&r=g\"}}]}<\/script>\n<!-- \/ Yoast SEO plugin. -->","yoast_head_json":{"title":"\"Wovon man nur tr\u00e4umen konnte\" \u2013 Martin Mumelter, Geiger und Autor","description":"Das bessere Amerika - Charles Ives, gespielt von Martin Mumelter, Wen-Sinn Yang und Werner B\u00e4rtschi -","robots":{"index":"index","follow":"follow","max-snippet":"max-snippet:-1","max-image-preview":"max-image-preview:large","max-video-preview":"max-video-preview:-1"},"canonical":"https:\/\/www.mumelter.de\/en\/charles-ives-piano-trio-and-cage-music-for-three\/","og_locale":"en_US","og_type":"article","og_title":"\"Wovon man nur tr\u00e4umen konnte\" \u2013 Martin Mumelter, Geiger und Autor","og_description":"Das bessere Amerika - Charles Ives, gespielt von Martin Mumelter, Wen-Sinn Yang und Werner B\u00e4rtschi -","og_url":"https:\/\/www.mumelter.de\/en\/charles-ives-piano-trio-and-cage-music-for-three\/","og_site_name":"Martin Mumelter, Geiger und Autor","article_modified_time":"2025-02-17T19:46:42+00:00","twitter_card":"summary_large_image","twitter_misc":{"Est. reading time":"5 minutes"},"schema":{"@context":"https:\/\/schema.org","@graph":[{"@type":"WebPage","@id":"https:\/\/www.mumelter.de\/en\/charles-ives-piano-trio-and-cage-music-for-three\/","url":"https:\/\/www.mumelter.de\/en\/charles-ives-piano-trio-and-cage-music-for-three\/","name":"\"Wovon man nur tr\u00e4umen konnte\" \u2013 Martin Mumelter, Geiger und Autor","isPartOf":{"@id":"https:\/\/www.mumelter.de\/en\/#website"},"datePublished":"2017-06-15T10:35:51+00:00","dateModified":"2025-02-17T19:46:42+00:00","description":"Das bessere Amerika - Charles Ives, gespielt von Martin Mumelter, Wen-Sinn Yang und Werner B\u00e4rtschi -","breadcrumb":{"@id":"https:\/\/www.mumelter.de\/en\/charles-ives-piano-trio-and-cage-music-for-three\/#breadcrumb"},"inLanguage":"en-US","potentialAction":[{"@type":"ReadAction","target":["https:\/\/www.mumelter.de\/en\/charles-ives-piano-trio-and-cage-music-for-three\/"]}]},{"@type":"BreadcrumbList","@id":"https:\/\/www.mumelter.de\/en\/charles-ives-piano-trio-and-cage-music-for-three\/#breadcrumb","itemListElement":[{"@type":"ListItem","position":1,"name":"Startseite","item":"https:\/\/www.mumelter.de\/en\/"},{"@type":"ListItem","position":2,"name":"Charles Ives: Piano Trio and John Cage, Music for Three"}]},{"@type":"WebSite","@id":"https:\/\/www.mumelter.de\/en\/#website","url":"https:\/\/www.mumelter.de\/en\/","name":"Martin Mumelter, Geiger und Autor","description":"Geiger von Bachs Soli bis zu Urauff\u00fchrungen (H\u00f6lszky u.v.a.), Klassik d. Moderne (Sch\u00f6nberg-Violinkonzert), Autor musikphilosophischer \/ literarischer Werke","publisher":{"@id":"https:\/\/www.mumelter.de\/en\/#\/schema\/person\/cfe72fd6208bd84a7597c51d2de1e546"},"potentialAction":[{"@type":"SearchAction","target":{"@type":"EntryPoint","urlTemplate":"https:\/\/www.mumelter.de\/en\/?s={search_term_string}"},"query-input":{"@type":"PropertyValueSpecification","valueRequired":true,"valueName":"search_term_string"}}],"inLanguage":"en-US"},{"@type":["Person","Organization"],"@id":"https:\/\/www.mumelter.de\/en\/#\/schema\/person\/cfe72fd6208bd84a7597c51d2de1e546","name":"MM","image":{"@type":"ImageObject","inLanguage":"en-US","@id":"https:\/\/secure.gravatar.com\/avatar\/9de64a957bdf1828008db982a56dbefc9e5bea8f1c75247efbc18ff0149a68ef?s=96&d=mm&r=g","url":"https:\/\/secure.gravatar.com\/avatar\/9de64a957bdf1828008db982a56dbefc9e5bea8f1c75247efbc18ff0149a68ef?s=96&d=mm&r=g","contentUrl":"https:\/\/secure.gravatar.com\/avatar\/9de64a957bdf1828008db982a56dbefc9e5bea8f1c75247efbc18ff0149a68ef?s=96&d=mm&r=g","caption":"MM"},"logo":{"@id":"https:\/\/secure.gravatar.com\/avatar\/9de64a957bdf1828008db982a56dbefc9e5bea8f1c75247efbc18ff0149a68ef?s=96&d=mm&r=g"}}]}},"_links":{"self":[{"href":"https:\/\/www.mumelter.de\/en\/wp-json\/wp\/v2\/pages\/1493","targetHints":{"allow":["GET"]}}],"collection":[{"href":"https:\/\/www.mumelter.de\/en\/wp-json\/wp\/v2\/pages"}],"about":[{"href":"https:\/\/www.mumelter.de\/en\/wp-json\/wp\/v2\/types\/page"}],"author":[{"embeddable":true,"href":"https:\/\/www.mumelter.de\/en\/wp-json\/wp\/v2\/users\/2"}],"replies":[{"embeddable":true,"href":"https:\/\/www.mumelter.de\/en\/wp-json\/wp\/v2\/comments?post=1493"}],"version-history":[{"count":3,"href":"https:\/\/www.mumelter.de\/en\/wp-json\/wp\/v2\/pages\/1493\/revisions"}],"predecessor-version":[{"id":1496,"href":"https:\/\/www.mumelter.de\/en\/wp-json\/wp\/v2\/pages\/1493\/revisions\/1496"}],"wp:attachment":[{"href":"https:\/\/www.mumelter.de\/en\/wp-json\/wp\/v2\/media?parent=1493"}],"curies":[{"name":"wp","href":"https:\/\/api.w.org\/{rel}","templated":true}]}}