{"id":1611,"date":"2020-03-27T12:58:20","date_gmt":"2020-03-27T11:58:20","guid":{"rendered":"https:\/\/www.mumelter.de\/?page_id=1611"},"modified":"2025-02-17T20:46:48","modified_gmt":"2025-02-17T19:46:48","slug":"violin-concertos-schoenberg-and-urbanner-2","status":"publish","type":"page","link":"https:\/\/www.mumelter.de\/en\/violin-concertos-schoenberg-and-urbanner-2\/","title":{"rendered":"Violin Concertos Schoenberg and Urbanner  RSO Wien\/Caridis"},"content":{"rendered":"<p><div class=\"fusion-fullwidth fullwidth-box fusion-builder-row-1 nonhundred-percent-fullwidth non-hundred-percent-height-scrolling\" style=\"--awb-border-radius-top-left:0px;--awb-border-radius-top-right:0px;--awb-border-radius-bottom-right:0px;--awb-border-radius-bottom-left:0px;--awb-flex-wrap:wrap;\" ><div class=\"fusion-builder-row fusion-row\"><div class=\"fusion-layout-column fusion_builder_column fusion-builder-column-0 fusion_builder_column_1_1 1_1 fusion-one-full fusion-column-first fusion-column-last\" style=\"--awb-bg-size:cover;\"><div class=\"fusion-column-wrapper fusion-flex-column-wrapper-legacy\"><div class=\"fusion-title title fusion-title-1 fusion-title-text fusion-title-size-one\" style=\"--awb-margin-top-small:0px;--awb-margin-right-small:0px;--awb-margin-bottom-small:20px;--awb-margin-left-small:0px;\"><h1 class=\"fusion-title-heading title-heading-left\" style=\"margin:0;\">Violin Concerto Schoenberg and Urbanner<\/h1><span class=\"awb-title-spacer\"><\/span><div class=\"title-sep-container\"><div class=\"title-sep sep-double sep-solid\" style=\"border-color:#e0dede;\"><\/div><\/div><\/div><div class=\"fusion-clearfix\"><\/div><\/div><\/div><\/div><\/div><div class=\"fusion-fullwidth fullwidth-box fusion-builder-row-2 nonhundred-percent-fullwidth non-hundred-percent-height-scrolling\" style=\"--awb-border-radius-top-left:0px;--awb-border-radius-top-right:0px;--awb-border-radius-bottom-right:0px;--awb-border-radius-bottom-left:0px;--awb-flex-wrap:wrap;\" ><div class=\"fusion-builder-row fusion-row\"><div class=\"fusion-layout-column fusion_builder_column fusion-builder-column-1 fusion_builder_column_1_6 1_6 fusion-one-sixth fusion-column-first\" style=\"--awb-bg-size:cover;width:16.666666666667%;width:calc(16.666666666667% - ( ( 4% ) * 0.16666666666667 ) );margin-right: 4%;\"><div class=\"fusion-column-wrapper fusion-flex-column-wrapper-legacy\"><div class=\"fusion-image-element fusion-image-align-left in-legacy-container\" style=\"text-align:left;--awb-caption-title-font-family:var(--h2_typography-font-family);--awb-caption-title-font-weight:var(--h2_typography-font-weight);--awb-caption-title-font-style:var(--h2_typography-font-style);--awb-caption-title-size:var(--h2_typography-font-size);--awb-caption-title-transform:var(--h2_typography-text-transform);--awb-caption-title-line-height:var(--h2_typography-line-height);--awb-caption-title-letter-spacing:var(--h2_typography-letter-spacing);\"><span class=\" fusion-imageframe imageframe-none imageframe-1 hover-type-none\" style=\"margin-right:25px;float:left;\"><a href=\"http:\/\/www.mumelter.de\/wp-content\/uploads\/Violinkonzerte_sch\u00f6nberg.png\" class=\"fusion-lightbox\" data-rel=\"iLightbox[P1]\" title=\"Violinkonzerte_sch\u00f6nberg\"><img decoding=\"async\" width=\"150\" height=\"150\" src=\"https:\/\/www.mumelter.de\/wp-content\/uploads\/Violinkonzerte_sch\u00f6nberg.png\" data-orig-src=\"http:\/\/www.mumelter.de\/wp-content\/uploads\/Violinkonzerte_sch\u00f6nberg-150x150.png\" alt class=\"lazyload img-responsive wp-image-1200\" srcset=\"data:image\/svg+xml,%3Csvg%20xmlns%3D%27http%3A%2F%2Fwww.w3.org%2F2000%2Fsvg%27%20width%3D%27684%27%20height%3D%27676%27%20viewBox%3D%270%200%20684%20676%27%3E%3Crect%20width%3D%27684%27%20height%3D%27676%27%20fill-opacity%3D%220%22%2F%3E%3C%2Fsvg%3E\" data-srcset=\"https:\/\/www.mumelter.de\/wp-content\/uploads\/Violinkonzerte_sch\u00f6nberg-200x198.png 200w, https:\/\/www.mumelter.de\/wp-content\/uploads\/Violinkonzerte_sch\u00f6nberg.png 684w\" data-sizes=\"auto\" data-orig-sizes=\"(max-width: 800px) 100vw, 400px\" \/><\/a><\/span><\/div><div class=\"fusion-sep-clear\"><\/div><div class=\"fusion-separator fusion-full-width-sep\" style=\"margin-left: auto;margin-right: auto;margin-top:10px;margin-bottom:20px;width:100%;\"><div class=\"fusion-separator-border sep-single sep-solid\" style=\"--awb-height:20px;--awb-amount:20px;border-color:#e0dede;border-top-width:1px;\"><\/div><\/div><div class=\"fusion-sep-clear\"><\/div><div class=\"fusion-text fusion-text-1\"><p><a title=\"\" href=\"http:\/\/www.uni-mozarteum.at\/user\/presse\/shop\/Booklet_CD_Mumelter.pdf\" target=\"_blank\" rel=\"noopener noreferrer\">Booklet<\/a><\/p>\n<p><strong>Shops:<\/strong><\/p>\n<p><a title=\"\" href=\"http:\/\/shop.uni-mozarteum.at\/de\/violinkonzert-martin-mumelter.html\" target=\"_blank\" rel=\"noopener noreferrer\">Uni-Mozarteum (\u00d6sterreich)<\/a><\/p>\n<p>Arnold-Schoenberg-Institute Vienna: Schoenberg.at<\/p>\n<p><a title=\"\" href=\"https:\/\/shop.orf.at\/oe1\/\" target=\"_blank\" rel=\"noopener noreferrer\">ORF.at<\/a><\/p>\n<\/div><div class=\"fusion-clearfix\"><\/div><\/div><\/div><div class=\"fusion-layout-column fusion_builder_column fusion-builder-column-2 fusion_builder_column_2_3 2_3 fusion-two-third fusion-column-last\" style=\"--awb-bg-size:cover;width:66.666666666667%;width:calc(66.666666666667% - ( ( 4% ) * 0.66666666666667 ) );\"><div class=\"fusion-column-wrapper fusion-flex-column-wrapper-legacy\"><div class=\"fusion-text fusion-text-2\"><p>You will recognize the gestures of Schoenberg\u2019s &#8220;A Survivor from Warsaw&#8221;, in which a speaker with an all-male choir and an orchestra reproduces the report of a man who successfully escaped the Warsaw ghetto via the canal system. I immediately made my decision to play this Violin Concerto after being shaken by a radio broadcast of this cantata.<\/p>\n<p>The photo in the booklet shows me in Boston with Louis Krasner, the legendary violinist who commissioned Alban Berg&#8217;s Violin Concerto, which, like the Schoenberg concerto, he accompanied during its composition process and premiered. His great appreciation of this recording and the one of Berg\u2019s concerto means a lot to me.<\/p>\n<p><strong>To Urbanner<\/strong>: I am particularly pleased that this CD also includes the Concerto which Urbanner dedicated to me, and that the interpretations so smoothly welded together by the personality of the conductor and the unity of the orchestra. My answer to the question of how (and why) I played both concertos from memory is simple: &#8220;By heart&#8221;.<\/p>\n<p>For details on the works and feedback see the <a title=\"\" href=\"http:\/\/www.uni-mozarteum.at\/user\/presse\/shop\/Booklet_CD_Mumelter.pdf\" target=\"_blank\" rel=\"noopener noreferrer\">Booklet<\/a><\/p>\n<p><a title=\"\" href=\"https:\/\/www.dropbox.com\/s\/u0ctdkupjly1hmz\/urbannbeisp.wav?dl=0\" target=\"_blank\" rel=\"noopener noreferrer\">LISTEN<\/a> to Urbanner<\/p>\n<\/div><div class=\"fusion-button-wrapper\"><a class=\"fusion-button button-flat fusion-button-default-size button-default fusion-button-default button-1 fusion-button-default-span fusion-button-default-type\" target=\"_self\" href=\"http:\/\/www.mumelter.de\/en\/recordings\/\"><span class=\"fusion-button-text awb-button__text awb-button__text--default\">Return to \u201cRecordings\u201d<\/span><\/a><\/div><div class=\"fusion-clearfix\"><\/div><\/div><\/div><\/div><\/div><\/p>\n","protected":false},"excerpt":{"rendered":"","protected":false},"author":4,"featured_media":0,"parent":0,"menu_order":134,"comment_status":"closed","ping_status":"closed","template":"","meta":{"footnotes":""},"class_list":["post-1611","page","type-page","status-publish","hentry"],"yoast_head":"<!-- This site is optimized with the Yoast SEO plugin v27.2 - https:\/\/yoast.com\/product\/yoast-seo-wordpress\/ -->\n<title>Schoeberg Violin concerto Mumelter RSO vienna Caridis<\/title>\n<meta name=\"description\" content=\"\u201cIf, then just so: This music can probably not sound more natural than here&quot; (&quot;Presse&quot; Vienna)\" \/>\n<meta name=\"robots\" content=\"index, follow, max-snippet:-1, max-image-preview:large, max-video-preview:-1\" \/>\n<link rel=\"canonical\" href=\"https:\/\/www.mumelter.de\/en\/violin-concertos-schoenberg-and-urbanner-2\/\" \/>\n<meta property=\"og:locale\" content=\"en_US\" \/>\n<meta property=\"og:type\" content=\"article\" \/>\n<meta property=\"og:title\" content=\"Schoeberg Violin concerto Mumelter RSO vienna Caridis\" \/>\n<meta property=\"og:description\" content=\"\u201cIf, then just so: This music can probably not sound more natural than here&quot; (&quot;Presse&quot; Vienna)\" \/>\n<meta property=\"og:url\" content=\"https:\/\/www.mumelter.de\/en\/violin-concertos-schoenberg-and-urbanner-2\/\" \/>\n<meta property=\"og:site_name\" content=\"Martin Mumelter, Geiger und Autor\" \/>\n<meta property=\"article:modified_time\" content=\"2025-02-17T19:46:48+00:00\" \/>\n<meta name=\"twitter:card\" content=\"summary_large_image\" \/>\n<meta name=\"twitter:label1\" content=\"Est. reading time\" \/>\n\t<meta name=\"twitter:data1\" content=\"5 minutes\" \/>\n<script type=\"application\/ld+json\" class=\"yoast-schema-graph\">{\"@context\":\"https:\/\/schema.org\",\"@graph\":[{\"@type\":\"WebPage\",\"@id\":\"https:\/\/www.mumelter.de\/en\/violin-concertos-schoenberg-and-urbanner-2\/\",\"url\":\"https:\/\/www.mumelter.de\/en\/violin-concertos-schoenberg-and-urbanner-2\/\",\"name\":\"Schoeberg Violin concerto Mumelter RSO vienna Caridis\",\"isPartOf\":{\"@id\":\"https:\/\/www.mumelter.de\/en\/#website\"},\"datePublished\":\"2020-03-27T11:58:20+00:00\",\"dateModified\":\"2025-02-17T19:46:48+00:00\",\"description\":\"\u201cIf, then just so: This music can probably not sound more natural than here\\\" (\\\"Presse\\\" Vienna)\",\"breadcrumb\":{\"@id\":\"https:\/\/www.mumelter.de\/en\/violin-concertos-schoenberg-and-urbanner-2\/#breadcrumb\"},\"inLanguage\":\"en-US\",\"potentialAction\":[{\"@type\":\"ReadAction\",\"target\":[\"https:\/\/www.mumelter.de\/en\/violin-concertos-schoenberg-and-urbanner-2\/\"]}]},{\"@type\":\"BreadcrumbList\",\"@id\":\"https:\/\/www.mumelter.de\/en\/violin-concertos-schoenberg-and-urbanner-2\/#breadcrumb\",\"itemListElement\":[{\"@type\":\"ListItem\",\"position\":1,\"name\":\"Startseite\",\"item\":\"https:\/\/www.mumelter.de\/en\/\"},{\"@type\":\"ListItem\",\"position\":2,\"name\":\"Violin Concertos Schoenberg and Urbanner RSO Wien\/Caridis\"}]},{\"@type\":\"WebSite\",\"@id\":\"https:\/\/www.mumelter.de\/en\/#website\",\"url\":\"https:\/\/www.mumelter.de\/en\/\",\"name\":\"Martin Mumelter, Geiger und Autor\",\"description\":\"Geiger von Bachs Soli bis zu Urauff\u00fchrungen (H\u00f6lszky u.v.a.), Klassik d. Moderne (Sch\u00f6nberg-Violinkonzert), Autor musikphilosophischer \/ literarischer Werke\",\"publisher\":{\"@id\":\"https:\/\/www.mumelter.de\/en\/#\/schema\/person\/cfe72fd6208bd84a7597c51d2de1e546\"},\"potentialAction\":[{\"@type\":\"SearchAction\",\"target\":{\"@type\":\"EntryPoint\",\"urlTemplate\":\"https:\/\/www.mumelter.de\/en\/?s={search_term_string}\"},\"query-input\":{\"@type\":\"PropertyValueSpecification\",\"valueRequired\":true,\"valueName\":\"search_term_string\"}}],\"inLanguage\":\"en-US\"},{\"@type\":[\"Person\",\"Organization\"],\"@id\":\"https:\/\/www.mumelter.de\/en\/#\/schema\/person\/cfe72fd6208bd84a7597c51d2de1e546\",\"name\":\"MM\",\"image\":{\"@type\":\"ImageObject\",\"inLanguage\":\"en-US\",\"@id\":\"https:\/\/secure.gravatar.com\/avatar\/9de64a957bdf1828008db982a56dbefc9e5bea8f1c75247efbc18ff0149a68ef?s=96&d=mm&r=g\",\"url\":\"https:\/\/secure.gravatar.com\/avatar\/9de64a957bdf1828008db982a56dbefc9e5bea8f1c75247efbc18ff0149a68ef?s=96&d=mm&r=g\",\"contentUrl\":\"https:\/\/secure.gravatar.com\/avatar\/9de64a957bdf1828008db982a56dbefc9e5bea8f1c75247efbc18ff0149a68ef?s=96&d=mm&r=g\",\"caption\":\"MM\"},\"logo\":{\"@id\":\"https:\/\/secure.gravatar.com\/avatar\/9de64a957bdf1828008db982a56dbefc9e5bea8f1c75247efbc18ff0149a68ef?s=96&d=mm&r=g\"}}]}<\/script>\n<!-- \/ Yoast SEO plugin. -->","yoast_head_json":{"title":"Schoeberg Violin concerto Mumelter RSO vienna Caridis","description":"\u201cIf, then just so: This music can probably not sound more natural than here\" (\"Presse\" Vienna)","robots":{"index":"index","follow":"follow","max-snippet":"max-snippet:-1","max-image-preview":"max-image-preview:large","max-video-preview":"max-video-preview:-1"},"canonical":"https:\/\/www.mumelter.de\/en\/violin-concertos-schoenberg-and-urbanner-2\/","og_locale":"en_US","og_type":"article","og_title":"Schoeberg Violin concerto Mumelter RSO vienna Caridis","og_description":"\u201cIf, then just so: This music can probably not sound more natural than here\" (\"Presse\" Vienna)","og_url":"https:\/\/www.mumelter.de\/en\/violin-concertos-schoenberg-and-urbanner-2\/","og_site_name":"Martin Mumelter, Geiger und Autor","article_modified_time":"2025-02-17T19:46:48+00:00","twitter_card":"summary_large_image","twitter_misc":{"Est. reading time":"5 minutes"},"schema":{"@context":"https:\/\/schema.org","@graph":[{"@type":"WebPage","@id":"https:\/\/www.mumelter.de\/en\/violin-concertos-schoenberg-and-urbanner-2\/","url":"https:\/\/www.mumelter.de\/en\/violin-concertos-schoenberg-and-urbanner-2\/","name":"Schoeberg Violin concerto Mumelter RSO vienna Caridis","isPartOf":{"@id":"https:\/\/www.mumelter.de\/en\/#website"},"datePublished":"2020-03-27T11:58:20+00:00","dateModified":"2025-02-17T19:46:48+00:00","description":"\u201cIf, then just so: This music can probably not sound more natural than here\" (\"Presse\" Vienna)","breadcrumb":{"@id":"https:\/\/www.mumelter.de\/en\/violin-concertos-schoenberg-and-urbanner-2\/#breadcrumb"},"inLanguage":"en-US","potentialAction":[{"@type":"ReadAction","target":["https:\/\/www.mumelter.de\/en\/violin-concertos-schoenberg-and-urbanner-2\/"]}]},{"@type":"BreadcrumbList","@id":"https:\/\/www.mumelter.de\/en\/violin-concertos-schoenberg-and-urbanner-2\/#breadcrumb","itemListElement":[{"@type":"ListItem","position":1,"name":"Startseite","item":"https:\/\/www.mumelter.de\/en\/"},{"@type":"ListItem","position":2,"name":"Violin Concertos Schoenberg and Urbanner RSO Wien\/Caridis"}]},{"@type":"WebSite","@id":"https:\/\/www.mumelter.de\/en\/#website","url":"https:\/\/www.mumelter.de\/en\/","name":"Martin Mumelter, Geiger und Autor","description":"Geiger von Bachs Soli bis zu Urauff\u00fchrungen (H\u00f6lszky u.v.a.), Klassik d. Moderne (Sch\u00f6nberg-Violinkonzert), Autor musikphilosophischer \/ literarischer Werke","publisher":{"@id":"https:\/\/www.mumelter.de\/en\/#\/schema\/person\/cfe72fd6208bd84a7597c51d2de1e546"},"potentialAction":[{"@type":"SearchAction","target":{"@type":"EntryPoint","urlTemplate":"https:\/\/www.mumelter.de\/en\/?s={search_term_string}"},"query-input":{"@type":"PropertyValueSpecification","valueRequired":true,"valueName":"search_term_string"}}],"inLanguage":"en-US"},{"@type":["Person","Organization"],"@id":"https:\/\/www.mumelter.de\/en\/#\/schema\/person\/cfe72fd6208bd84a7597c51d2de1e546","name":"MM","image":{"@type":"ImageObject","inLanguage":"en-US","@id":"https:\/\/secure.gravatar.com\/avatar\/9de64a957bdf1828008db982a56dbefc9e5bea8f1c75247efbc18ff0149a68ef?s=96&d=mm&r=g","url":"https:\/\/secure.gravatar.com\/avatar\/9de64a957bdf1828008db982a56dbefc9e5bea8f1c75247efbc18ff0149a68ef?s=96&d=mm&r=g","contentUrl":"https:\/\/secure.gravatar.com\/avatar\/9de64a957bdf1828008db982a56dbefc9e5bea8f1c75247efbc18ff0149a68ef?s=96&d=mm&r=g","caption":"MM"},"logo":{"@id":"https:\/\/secure.gravatar.com\/avatar\/9de64a957bdf1828008db982a56dbefc9e5bea8f1c75247efbc18ff0149a68ef?s=96&d=mm&r=g"}}]}},"_links":{"self":[{"href":"https:\/\/www.mumelter.de\/en\/wp-json\/wp\/v2\/pages\/1611","targetHints":{"allow":["GET"]}}],"collection":[{"href":"https:\/\/www.mumelter.de\/en\/wp-json\/wp\/v2\/pages"}],"about":[{"href":"https:\/\/www.mumelter.de\/en\/wp-json\/wp\/v2\/types\/page"}],"author":[{"embeddable":true,"href":"https:\/\/www.mumelter.de\/en\/wp-json\/wp\/v2\/users\/4"}],"replies":[{"embeddable":true,"href":"https:\/\/www.mumelter.de\/en\/wp-json\/wp\/v2\/comments?post=1611"}],"version-history":[{"count":2,"href":"https:\/\/www.mumelter.de\/en\/wp-json\/wp\/v2\/pages\/1611\/revisions"}],"predecessor-version":[{"id":1617,"href":"https:\/\/www.mumelter.de\/en\/wp-json\/wp\/v2\/pages\/1611\/revisions\/1617"}],"wp:attachment":[{"href":"https:\/\/www.mumelter.de\/en\/wp-json\/wp\/v2\/media?parent=1611"}],"curies":[{"name":"wp","href":"https:\/\/api.w.org\/{rel}","templated":true}]}}